{"id":24,"date":"2016-11-14T20:48:55","date_gmt":"2016-11-14T20:48:55","guid":{"rendered":"https:\/\/jesusalba2016.webs.upv.es\/?page_id=24"},"modified":"2016-11-16T21:35:13","modified_gmt":"2016-11-16T21:35:13","slug":"trajectoria","status":"publish","type":"page","link":"https:\/\/jesusalba2016.webs.upv.es\/es\/index.php\/trajectoria\/","title":{"rendered":"MI TRAYECTORIA"},"content":{"rendered":"<p style=\"text-align: justify;\"><img loading=\"lazy\" decoding=\"async\" class=\"alignleft wp-image-167\" src=\"https:\/\/jesusalba2016.webs.upv.es\/es\/wp-content\/uploads\/2016\/11\/foto_jesus_trajectoria1-300x200.jpg\" alt=\"foto_jesus_trajectoria1\" width=\"376\" height=\"251\" srcset=\"https:\/\/jesusalba2016.webs.upv.es\/es\/wp-content\/uploads\/2016\/11\/foto_jesus_trajectoria1-300x200.jpg 300w, https:\/\/jesusalba2016.webs.upv.es\/es\/wp-content\/uploads\/2016\/11\/foto_jesus_trajectoria1-768x512.jpg 768w, https:\/\/jesusalba2016.webs.upv.es\/es\/wp-content\/uploads\/2016\/11\/foto_jesus_trajectoria1-1024x683.jpg 1024w\" sizes=\"auto, (max-width: 376px) 100vw, 376px\" \/>Mi nombre es Jes\u00fas Alba Fern\u00e1ndez, soy padre de 3 hijos y tengo 45 a\u00f1os. <strong>Estudi\u00e9 en la Escuela T\u00e9cnica Superior de Ingenieros de Telecomunicaci\u00f3n de la UPV<\/strong> y me gradu\u00e9 como ingeniero en 1995. Mientras trabajaba en una empresa de electr\u00f3nica, en 1996, por vocaci\u00f3n docente, me incorporo como asociado a la UPV en la antigua Escuela de Ingenier\u00eda T\u00e9cnica Agr\u00edcola y posteriormente paso a la que antes era la Escuela Universitaria de Gandia. <strong>El a\u00f1o 2000 me doctor\u00e9<\/strong> en el programa de F\u00edsica Aplicada, especializ\u00e1ndome en Ac\u00fastica. Obtuve la plaza de Catedr\u00e1tico de Escuela Universitaria en 2003 y la de Catedr\u00e1tico de Universidad en el \u00e1rea de F\u00edsica Aplicada en 2012. Estoy adscrito en la Escuela Polit\u00e9cnica Superior de Gandia desde hace 20 a\u00f1os. En esos 20 a\u00f1os he impartido 18 asignaturas diferentes, en grados, m\u00e1steres y doctorado, con una buena consideraci\u00f3n por parte de mis alumnos. Participo de manera ininterrumpida en proyectos de Innovaci\u00f3n Docente desde el curso 2003\/2004 o los coordino, con compa\u00f1eros de esta escuela.<\/p>\n<p style=\"text-align: justify;\"><img loading=\"lazy\" decoding=\"async\" class=\"alignright wp-image-122\" src=\"https:\/\/jesusalba2016.webs.upv.es\/es\/wp-content\/uploads\/2016\/11\/foto_jesus_4-300x200.jpg\" alt=\"foto_jesus_4\" width=\"375\" height=\"250\" srcset=\"https:\/\/jesusalba2016.webs.upv.es\/es\/wp-content\/uploads\/2016\/11\/foto_jesus_4-300x200.jpg 300w, https:\/\/jesusalba2016.webs.upv.es\/es\/wp-content\/uploads\/2016\/11\/foto_jesus_4-768x511.jpg 768w, https:\/\/jesusalba2016.webs.upv.es\/es\/wp-content\/uploads\/2016\/11\/foto_jesus_4.jpg 960w\" sizes=\"auto, (max-width: 375px) 100vw, 375px\" \/>Mi formaci\u00f3n investigadora empieza en el grupo de Ac\u00fastica Arquitect\u00f3nica y del Medio ambiente de la UPV. Posteriormente fui miembro fundador del grupo de Dispositivos y Sistemas Ac\u00fasticos y \u00d3pticos en la EPSG, y tambi\u00e9n del Instituto para la Gesti\u00f3n Integral de las Zonas Costeras (IGIC). Desde 2013, soy miembro del Centro de Tecnolog\u00edas F\u00edsicas de la UPV. Mis l\u00edneas de investigaci\u00f3n se centran fundamentalmente en la ac\u00fastica, con a\u00f1os de experiencia en aislamiento ac\u00fastico, contaminaci\u00f3n ac\u00fastica, ac\u00fastica de la edificaci\u00f3n y de salas, recintos ac\u00fasticos, nuevos materiales reciclados y naturales y transductores.<\/p>\n<p style=\"text-align: justify;\">En mi curr\u00edculum podr\u00e9is encontrar <strong>m\u00e1s de 70 art\u00edculos de investigaci\u00f3n y docencia<\/strong>, 6 libros y cap\u00edtulos de libros, 274 participaciones en art\u00edculos de investigaci\u00f3n y docencia en congresos nacionales e internacionales, <strong>1 patente, 8 tesis doctorales dirigidas, 136 proyectos fino de carrera y 29 tesinas de m\u00e1ster<\/strong>. He sido Investigador en <strong>m\u00e1s de 100 proyectos de I+D+i<\/strong>, investigador principal en 2 proyectos europeos y 6 proyectos nacionales, colaborando como investigador en otro proyecto europeo y 7 proyectos nacionales. He tenido la suerte de poder realizar varias estancias de investigaci\u00f3n en el Instituto de Ac\u00fastica de la Universidad Austral de Chile de 2009 a 2014. Tambi\u00e9n en la Universit\u00e9 du Maine en Le Mans (Francia) en 2002. Revisor de revistas internacionales de prestigio y miembro tambi\u00e9n de varios comit\u00e9s de congresos.<\/p>\n<p style=\"text-align: justify;\"><img loading=\"lazy\" decoding=\"async\" class=\"alignleft wp-image-169\" src=\"https:\/\/jesusalba2016.webs.upv.es\/es\/wp-content\/uploads\/2016\/11\/jesus_foto3-300x200.jpg\" alt=\"jesus_foto3\" width=\"370\" height=\"247\" srcset=\"https:\/\/jesusalba2016.webs.upv.es\/es\/wp-content\/uploads\/2016\/11\/jesus_foto3-300x200.jpg 300w, https:\/\/jesusalba2016.webs.upv.es\/es\/wp-content\/uploads\/2016\/11\/jesus_foto3-768x512.jpg 768w, https:\/\/jesusalba2016.webs.upv.es\/es\/wp-content\/uploads\/2016\/11\/jesus_foto3.jpg 960w\" sizes=\"auto, (max-width: 370px) 100vw, 370px\" \/>Respecto a la <strong>gesti\u00f3n<\/strong>, en la \u00e9poca de Juanjo Moragues como Director, fui miembro del equipo de trabajo de Gesti\u00f3n Medioambiental (1999, 2001 y 2002), miembro de la comisi\u00f3n de Trabajos Fin de Carrera (1998-2008), Presidente del comit\u00e9 de evaluaci\u00f3n de las titulaciones de Ingenier\u00eda T\u00e9cnica de Telecomunicaci\u00f3n (2002) y Coordinador docente de la Secci\u00f3n Departamental de F\u00edsica Aplicada (2004). Con Manela Fernandez ocup\u00e9 el cargo de <strong>Subdirector del \u00e1rea de Telecomunicaciones<\/strong> (2004 \u2013 2008). En esa \u00e9poca <strong>puse en marcha dos de las primeras c\u00e1tedras del campus<\/strong> y fui Director de la C\u00e1tedra Acusttel de Ingenier\u00eda Ac\u00fastica y Director de la C\u00e1tedra COITTCV. Tambi\u00e9n miembro de la Comisi\u00f3n Ponente del Plan de Estudios del GISTSI. En 2008, con Pepe Pastor como Director, paso a ser <strong>Secretario y Jefe de \u00e1rea de Relaciones con Empresas<\/strong> hasta 2012, con una buena relaci\u00f3n con las diferentes asociaciones empresariales, coordinando tambi\u00e9n el programa Ideas y poniendo en marcha programas de activaci\u00f3n del empleo.<\/p>\n<p style=\"text-align: justify;\">Desde hace a\u00f1os soy <strong>Consejero Nacional de la Sociedad Espa\u00f1ola de Ac\u00fastica<\/strong>, socio de la Real Sociedad Espa\u00f1ola de F\u00edsica, socio de la Sociedad Espa\u00f1ola de M\u00e9todos Num\u00e9ricos a la Ingenier\u00eda y miembro del Colegio de Ingenieros de Telecomunicaci\u00f3n.<\/p>\n<p style=\"text-align: justify;\"><em>Prisma: Investigaci\u00f3n ac\u00fastica [2015-02-23]- UPV \u2013 Entrevista a Jes\u00fas Alba: <\/em><a href=\"https:\/\/www.youtube.com\/watch?v=cmlVSIbJwPA\">https:\/\/www.youtube.com\/watch?v=cmlVSIbJwPA<\/a><\/p>\n","protected":false},"excerpt":{"rendered":"<p class=\"qua-blog-post-description\">Mi nombre es Jes\u00fas Alba Fern\u00e1ndez, soy padre de 3 hijos y tengo 45 a\u00f1os. Estudi\u00e9 en la Escuela T\u00e9cnica Superior de Ingenieros de Telecomunicaci\u00f3n de la UPV y me gradu\u00e9 como ingeniero en 1995. Mientras trabajaba en una empresa de electr\u00f3nica, en 1996, por vocaci\u00f3n docente, me incorporo como asociado a la UPV en [&hellip;]<\/p>\n","protected":false},"author":1,"featured_media":0,"parent":0,"menu_order":0,"comment_status":"closed","ping_status":"closed","template":"","meta":{"footnotes":""},"class_list":["post-24","page","type-page","status-publish","hentry"],"_links":{"self":[{"href":"https:\/\/jesusalba2016.webs.upv.es\/es\/index.php\/wp-json\/wp\/v2\/pages\/24","targetHints":{"allow":["GET"]}}],"collection":[{"href":"https:\/\/jesusalba2016.webs.upv.es\/es\/index.php\/wp-json\/wp\/v2\/pages"}],"about":[{"href":"https:\/\/jesusalba2016.webs.upv.es\/es\/index.php\/wp-json\/wp\/v2\/types\/page"}],"author":[{"embeddable":true,"href":"https:\/\/jesusalba2016.webs.upv.es\/es\/index.php\/wp-json\/wp\/v2\/users\/1"}],"replies":[{"embeddable":true,"href":"https:\/\/jesusalba2016.webs.upv.es\/es\/index.php\/wp-json\/wp\/v2\/comments?post=24"}],"version-history":[{"count":3,"href":"https:\/\/jesusalba2016.webs.upv.es\/es\/index.php\/wp-json\/wp\/v2\/pages\/24\/revisions"}],"predecessor-version":[{"id":214,"href":"https:\/\/jesusalba2016.webs.upv.es\/es\/index.php\/wp-json\/wp\/v2\/pages\/24\/revisions\/214"}],"wp:attachment":[{"href":"https:\/\/jesusalba2016.webs.upv.es\/es\/index.php\/wp-json\/wp\/v2\/media?parent=24"}],"curies":[{"name":"wp","href":"https:\/\/api.w.org\/{rel}","templated":true}]}}