{"id":34,"date":"2016-11-14T21:19:15","date_gmt":"2016-11-14T21:19:15","guid":{"rendered":"https:\/\/jesusalba2016.webs.upv.es\/?page_id=34"},"modified":"2016-11-15T19:10:18","modified_gmt":"2016-11-15T19:10:18","slug":"proposta-de-gestio-de-la-escola-de-gandia","status":"publish","type":"page","link":"https:\/\/jesusalba2016.webs.upv.es\/es\/index.php\/proposta-de-gestio-de-la-escola-de-gandia\/","title":{"rendered":"Propuesta de gesti\u00f3n de la Escuela de Gand\u00eda"},"content":{"rendered":"<p style=\"text-align: justify;\"><img loading=\"lazy\" decoding=\"async\" class=\"wp-image-46 alignleft\" src=\"https:\/\/jesusalba2016.webs.upv.es\/es\/wp-content\/uploads\/2016\/11\/Fachada-SurOeste-1-300x137.jpg\" alt=\"fachada-suroeste\" width=\"561\" height=\"256\" srcset=\"https:\/\/jesusalba2016.webs.upv.es\/es\/wp-content\/uploads\/2016\/11\/Fachada-SurOeste-1-300x137.jpg 300w, https:\/\/jesusalba2016.webs.upv.es\/es\/wp-content\/uploads\/2016\/11\/Fachada-SurOeste-1.jpg 708w\" sizes=\"auto, (max-width: 561px) 100vw, 561px\" \/><\/p>\n<p style=\"text-align: justify;\">Una adecuada propuesta de gesti\u00f3n tiene que partir del conocimiento y aplicaci\u00f3n de las normas que la EPSG tiene que cumplir y aplicar, y de la distribuci\u00f3n y aprovechamiento de los recursos que se le asignan. Nuestra Escuela, como cualquier escuela de la UPV, est\u00e1 regida por las siguientes normas que marcan y condicionan buena parte de la gesti\u00f3n de la Escuela:<\/p>\n<p style=\"text-align: justify;\"><a href=\"https:\/\/www.upv.es\/entidades\/OSG\/info\/U0577887.pdf\"><em><strong>ESTATUTOS DE LA UNIVERSIDAD POLIT\u00c9CNICA DE VAL\u00c9NCIA (DECRETO 182\/2011, de 25 de noviembre)<\/strong><\/em><\/a><\/p>\n<p style=\"text-align: justify;\">Aparecen de forma general los conceptos de Director (Art. 67- 68),\u00a0 Subdirectores (Art. 69) y Secretario. (Art. 70).<\/p>\n<p><a href=\"https:\/\/www.upv.es\/entidades\/SG\/infoweb\/sg\/info\/U0615091.pdf\"><em><strong>REGLAMENTO DE LA EPSG (BOUPV 72, 07\/2013)<\/strong><\/em><\/a><\/p>\n<p style=\"text-align: justify;\">Concreta la figura de Director como Profesor Doctor con vinculaci\u00f3n permanente a la UPV adscrito (art. 20), de Subdirectores como adscritos (Art. 22.) y de Secretario (Art. 23). Tambi\u00e9n permite la creaci\u00f3n de comisiones facultativas que se consideren oportunas (Art. 9).<\/p>\n<p><a href=\"https:\/\/www.upv.es\/entidades\/SG\/infoweb\/sg\/info\/U0494352.pdf\"><em><strong>NORMATIVA DE R\u00c9GIMEN ACAD\u00c9MICO Y EVALUACI\u00d3N DEL ALUMNADO (NRAEA) (BOUPV 35, 02\/2010)<\/strong><\/em><\/a><\/p>\n<p style=\"text-align: justify;\">Se definen los conceptos de Entidad Responsable del T\u00edtulo (ERT), de Comisi\u00f3n Acad\u00e9mica de T\u00edtulo (CAT) y de Director Acad\u00e9mico de T\u00edtulo (DAT), con sus funciones y obligaciones. Cada ERT puede crear una CAT para cada uno de los t\u00edtulos de la que es responsable o una CAT que gestione varios. Despu\u00e9s de los \u00faltimos cambios del Consejo de Gobierno del 4 de octubre de 2016, puede pertenecer a una CAT o ser DAT un profesor a tiempo completo que haya prestado servicio por un periodo m\u00ednimo de 10 a\u00f1os en r\u00e9gimen de dedicaci\u00f3n equivalente a tiempo completo. En el mismo Consejo de Gobierno se indica que, una vez aprobada la memoria de verificaci\u00f3n de un t\u00edtulo de nueva implantaci\u00f3n en Consejo Social, se proceder\u00e1 a nombrar una CAT y un DAT con car\u00e1cter provisional.<\/p>\n<p style=\"text-align: justify;\"><a href=\"http:\/\/www.upv.es\/entidades\/VOAP\/info\/U0720955.pdf\"><em><strong>NORMATIVA DE ORGANITZACI\u00d3N ACAD\u00c9MICA (NOA) (Consejo de Gobierno, diciembre 2015)<\/strong><\/em><\/a><\/p>\n<p style=\"text-align: justify;\">La NOA indica los cargos que son objeto de reconocimiento de cr\u00e9ditos de dedicaci\u00f3n acad\u00e9mica. Los que afectan directamente a la organizaci\u00f3n de la EPSG son:<\/p>\n<ul style=\"text-align: justify;\">\n<li>\u00d3rganos unipersonales establecidos en los Estatutos, de \u00e1mbito de los Centros: Director, Subdirector y Secretario.<\/li>\n<li>\u00d3rganos unipersonales asimilados a Subdirector de Departamento a los solos efectos de reconocimiento y acreditaci\u00f3n: Director Acad\u00e9mico de T\u00edtulo, Coordinador de Programa de Doctorado y Director de C\u00e1tedra de empresa.<\/li>\n<\/ul>\n<p style=\"text-align: justify;\">Desde el punto de vista organizativo, tanto a nivel de \u00f3rganos unipersonales de los Estatutos o asimilados, la Escuela tiene que tener un Director que tiene que ser Doctor, Subdirectores que deben estar adscritos en el centro, y Directores Acad\u00e9micos de T\u00edtulo profesores a tiempo completo con 10 a\u00f1os de docencia equivalente. Actualmente, consultando con el Servicio de normativa e inspecci\u00f3n, la EPSG tiene derecho a 6 subdirectores (dos de ellos son el Secretario y la Jefatura de Estudios) m\u00e1s dos dotaciones temporales especiales. Las 6 subdirecciones se obtienen de la f\u00f3rmula siguiente:<\/p>\n<p style=\"text-align: justify;\"><img loading=\"lazy\" decoding=\"async\" class=\"wp-image-132 aligncenter\" src=\"https:\/\/jesusalba2016.webs.upv.es\/es\/wp-content\/uploads\/2016\/11\/formula2-300x33.jpg\" alt=\"formula2\" width=\"664\" height=\"73\" srcset=\"https:\/\/jesusalba2016.webs.upv.es\/es\/wp-content\/uploads\/2016\/11\/formula2-300x33.jpg 300w, https:\/\/jesusalba2016.webs.upv.es\/es\/wp-content\/uploads\/2016\/11\/formula2-768x83.jpg 768w, https:\/\/jesusalba2016.webs.upv.es\/es\/wp-content\/uploads\/2016\/11\/formula2.jpg 929w\" sizes=\"auto, (max-width: 664px) 100vw, 664px\" \/><\/p>\n<p style=\"text-align: justify;\">Las dotaciones temporales especiales se dan gracias a tener en marcha en la EPSG dos c\u00e1tedras y tienen que renovarse a\u00f1o tras a\u00f1o. Por lo tanto, a fecha de hoy, la EPSG puede tener una direcci\u00f3n compuesta por Director, Jefatura de Estudios, Secretario, 4 subdirectores de derecho por sus indicadores y 2 subdirectores temporales (que podr\u00edan no renovar). Adem\u00e1s, todos los DAT de los t\u00edtulos impartidos en la EPSG est\u00e1n asimilados a subdirectores a efectos de reconocimiento y acreditaci\u00f3n.<\/p>\n","protected":false},"excerpt":{"rendered":"<p class=\"qua-blog-post-description\">Una adecuada propuesta de gesti\u00f3n tiene que partir del conocimiento y aplicaci\u00f3n de las normas que la EPSG tiene que cumplir y aplicar, y de la distribuci\u00f3n y aprovechamiento de los recursos que se le asignan. Nuestra Escuela, como cualquier escuela de la UPV, est\u00e1 regida por las siguientes normas que marcan y condicionan buena [&hellip;]<\/p>\n","protected":false},"author":1,"featured_media":0,"parent":0,"menu_order":0,"comment_status":"closed","ping_status":"closed","template":"","meta":{"footnotes":""},"class_list":["post-34","page","type-page","status-publish","hentry"],"_links":{"self":[{"href":"https:\/\/jesusalba2016.webs.upv.es\/es\/index.php\/wp-json\/wp\/v2\/pages\/34","targetHints":{"allow":["GET"]}}],"collection":[{"href":"https:\/\/jesusalba2016.webs.upv.es\/es\/index.php\/wp-json\/wp\/v2\/pages"}],"about":[{"href":"https:\/\/jesusalba2016.webs.upv.es\/es\/index.php\/wp-json\/wp\/v2\/types\/page"}],"author":[{"embeddable":true,"href":"https:\/\/jesusalba2016.webs.upv.es\/es\/index.php\/wp-json\/wp\/v2\/users\/1"}],"replies":[{"embeddable":true,"href":"https:\/\/jesusalba2016.webs.upv.es\/es\/index.php\/wp-json\/wp\/v2\/comments?post=34"}],"version-history":[{"count":2,"href":"https:\/\/jesusalba2016.webs.upv.es\/es\/index.php\/wp-json\/wp\/v2\/pages\/34\/revisions"}],"predecessor-version":[{"id":173,"href":"https:\/\/jesusalba2016.webs.upv.es\/es\/index.php\/wp-json\/wp\/v2\/pages\/34\/revisions\/173"}],"wp:attachment":[{"href":"https:\/\/jesusalba2016.webs.upv.es\/es\/index.php\/wp-json\/wp\/v2\/media?parent=34"}],"curies":[{"name":"wp","href":"https:\/\/api.w.org\/{rel}","templated":true}]}}