{"id":74,"date":"2016-11-15T00:06:28","date_gmt":"2016-11-15T00:06:28","guid":{"rendered":"https:\/\/jesusalba2016.webs.upv.es\/?page_id=74"},"modified":"2016-11-15T19:30:04","modified_gmt":"2016-11-15T19:30:04","slug":"personas-al-campus-que-volem","status":"publish","type":"page","link":"https:\/\/jesusalba2016.webs.upv.es\/es\/index.php\/personas-al-campus-que-volem\/","title":{"rendered":"Las PERSONAS en el CAMPUS QUE QUEREMOS"},"content":{"rendered":"<ul>\n<li style=\"text-align: justify;\">Apoyar a la promoci\u00f3n del profesorado que quieran formar parte de nuestro campus para facilitar que acceda a las acreditaciones.<\/li>\n<li style=\"text-align: justify;\">Defender y asesorar la promoci\u00f3n profesional en el \u00e1mbito del PAS.<\/li>\n<li style=\"text-align: justify;\">Impulsar medidas de Acci\u00f3n Social a nivel del Centro, en coordinaci\u00f3n con el Rectorado.<\/li>\n<li style=\"text-align: justify;\">Cuidar la seguridad en los puestos de trabajo (EPI, ropa de trabajo, etc.).<\/li>\n<li style=\"text-align: justify;\">Revisar el protocolo de vigilancia de la salud para valorar la posibilidad de mejorarlo.<\/li>\n<li style=\"text-align: justify;\">Abrir l\u00edneas de comunicaci\u00f3n permanentes para ser sensibles a cualquier necesidad que pueda surgir.<\/li>\n<li style=\"text-align: justify;\">Crear el \u201cCampus Polit\u00e9cnico Solidario\u201d, dedicando un m\u00ednimo del 0,7% del presupuesto de la EPSG a que alumnos y todos los adscritos a la EPSG puedan realizar proyectos de cooperaci\u00f3n para el desarrollo.<\/li>\n<li style=\"text-align: justify;\">Incrementar la comunicaci\u00f3n con los estudiantes mediante la creaci\u00f3n de una Subdirecci\u00f3n de Alumnado e Innovaci\u00f3n Educativa.<\/li>\n<li style=\"text-align: justify;\">Apoyar los programas PATU e INTEGRA.<\/li>\n<li style=\"text-align: justify;\">Visualizar m\u00e1s el gabinete para la orientaci\u00f3n psicopedag\u00f3gica universitaria (GOPU).<\/li>\n<li style=\"text-align: justify;\">Traer al campus el cursos del ICE de inter\u00e9s para el personal.<\/li>\n<li style=\"text-align: justify;\">Actualizar el buz\u00f3n de sugerencias, quejas y felicitaciones con especial \u00e9nfasis en su seguimiento mediante un sistema de tracking o similar.<\/li>\n<li style=\"text-align: justify;\">Promocionar cursos de car\u00e1cter transversal para el desarrollo de habilidades comunicativas.<\/li>\n<li style=\"text-align: justify;\">Impulsar la formaci\u00f3n en valores, buscando f\u00f3rmulas para incorporar cursos y jornadas formativas.<\/li>\n<li style=\"text-align: justify;\">Potenciar la imagen y representaci\u00f3n de Campus a trav\u00e9s de nuestras Selecciones Deportivas de Campus y las competiciones con otras entidades de la Safor y comarcas centrales as\u00ed como con otros campus de la UPV.<\/li>\n<li style=\"text-align: justify;\">Formar al personal en las nuevas tecnolog\u00edas.<\/li>\n<li style=\"text-align: justify;\">Repasar el Plan Estrat\u00e9gico de la UPV<\/li>\n<li style=\"text-align: justify;\">Realizar un informe de la situaci\u00f3n de promoci\u00f3n y de puestos de trabajo del PAS.<\/li>\n<li style=\"text-align: justify;\">Clarificar funciones y responsabilidades de los t\u00e9cnicos de laboratorio de forma negociada.<\/li>\n<li style=\"text-align: justify;\">Crear un canal interno de comunicaci\u00f3n que garantice la informaci\u00f3n puntual de los actos y acontecimientos del Campus y evitar las duplicidades y solapamientos de horarios.<\/li>\n<\/ul>\n","protected":false},"excerpt":{"rendered":"<p class=\"qua-blog-post-description\">Apoyar a la promoci\u00f3n del profesorado que quieran formar parte de nuestro campus para facilitar que acceda a las acreditaciones. Defender y asesorar la promoci\u00f3n profesional en el \u00e1mbito del PAS. Impulsar medidas de Acci\u00f3n Social a nivel del Centro, en coordinaci\u00f3n con el Rectorado. Cuidar la seguridad en los puestos de trabajo (EPI, ropa [&hellip;]<\/p>\n","protected":false},"author":1,"featured_media":0,"parent":0,"menu_order":0,"comment_status":"closed","ping_status":"closed","template":"","meta":{"footnotes":""},"class_list":["post-74","page","type-page","status-publish","hentry"],"_links":{"self":[{"href":"https:\/\/jesusalba2016.webs.upv.es\/es\/index.php\/wp-json\/wp\/v2\/pages\/74","targetHints":{"allow":["GET"]}}],"collection":[{"href":"https:\/\/jesusalba2016.webs.upv.es\/es\/index.php\/wp-json\/wp\/v2\/pages"}],"about":[{"href":"https:\/\/jesusalba2016.webs.upv.es\/es\/index.php\/wp-json\/wp\/v2\/types\/page"}],"author":[{"embeddable":true,"href":"https:\/\/jesusalba2016.webs.upv.es\/es\/index.php\/wp-json\/wp\/v2\/users\/1"}],"replies":[{"embeddable":true,"href":"https:\/\/jesusalba2016.webs.upv.es\/es\/index.php\/wp-json\/wp\/v2\/comments?post=74"}],"version-history":[{"count":1,"href":"https:\/\/jesusalba2016.webs.upv.es\/es\/index.php\/wp-json\/wp\/v2\/pages\/74\/revisions"}],"predecessor-version":[{"id":178,"href":"https:\/\/jesusalba2016.webs.upv.es\/es\/index.php\/wp-json\/wp\/v2\/pages\/74\/revisions\/178"}],"wp:attachment":[{"href":"https:\/\/jesusalba2016.webs.upv.es\/es\/index.php\/wp-json\/wp\/v2\/media?parent=74"}],"curies":[{"name":"wp","href":"https:\/\/api.w.org\/{rel}","templated":true}]}}