{"id":78,"date":"2016-11-15T00:08:42","date_gmt":"2016-11-15T00:08:42","guid":{"rendered":"https:\/\/jesusalba2016.webs.upv.es\/?page_id=78"},"modified":"2016-11-15T19:33:11","modified_gmt":"2016-11-15T19:33:11","slug":"la-investigacio-al-campus-que-volem","status":"publish","type":"page","link":"https:\/\/jesusalba2016.webs.upv.es\/es\/index.php\/la-investigacio-al-campus-que-volem\/","title":{"rendered":"La INVESTIGACI\u00d3N en el CAMPUS QUE QUEREMOS"},"content":{"rendered":"<ul>\n<li style=\"text-align: justify;\">Poner en marcha de forma prioritaria un Programa de Doctorado y crear la comisi\u00f3n de investigaci\u00f3n para fomentar la colaboraci\u00f3n de los diferentes grupos.<\/li>\n<li style=\"text-align: justify;\">Organizar un Congreso sobre investigaci\u00f3n en la EPSG, con invitados internacionales y revista indexada, para promover la colaboraci\u00f3n entre el profesorado e investigadores.<\/li>\n<li style=\"text-align: justify;\">Apoyar y favorecer al IGIC y la Unidad Mixta UPV-IEO.<\/li>\n<li style=\"text-align: justify;\">Fomentar que nuestra escuela sea sede de nuevos congresos, conferencias y seminarios y potenciar el taller de divulgaci\u00f3n cient\u00edfica Comunica2.<\/li>\n<li style=\"text-align: justify;\">Potenciar la investigaci\u00f3n de los profesores con menos tradici\u00f3n investigadora por medio de la participaci\u00f3n en proyectos.<\/li>\n<li style=\"text-align: justify;\">Crear un banco de ideas del personal del Campus en base a la Innovaci\u00f3n Abierta.<\/li>\n<li style=\"text-align: justify;\">Realizar talleres en el Campus sobre diferentes convocatorias de investigaci\u00f3n.<\/li>\n<li style=\"text-align: justify;\">Conectar al PAS de forma voluntaria con la investigaci\u00f3n.<\/li>\n<li style=\"text-align: justify;\">Definir un procedimiento claro y flexible de uso y colaboraci\u00f3n entre investigadores, profesores y t\u00e9cnicos de laboratorio.<\/li>\n<li style=\"text-align: justify;\">Establecer un premio anual en el investigador o grupo de investigaci\u00f3n m\u00e1s destacado del Campus.<\/li>\n<li style=\"text-align: justify;\">Fomentar la participaci\u00f3n en plataformas tecnol\u00f3gicas.\n<ul>\n<li>Medio ambiente: Plataforma de tecnolog\u00edas ambientales: <a href=\"http:\/\/www.pt-planeta.es\/\">http:\/\/www.pt-planeta.es\/<\/a> y Plataforma Tecnol\u00f3gica para la Protecci\u00f3n de Costa y del Medio Marino <a href=\"http:\/\/ptprotecma.es\/\">http:\/\/ptprotecma.es\/<\/a><\/li>\n<li>Turismo: PLATAFORMA TECNOL\u00d3GICA DEL TURISMO. Foro sobre tecnolog\u00eda e innovaci\u00f3n tur\u00edstica <a href=\"http:\/\/www.thinktur.org\/\">http:\/\/www.thinktur.org\/<\/a><\/li>\n<li>TIC: Plataforma tecnol\u00f3gica Espa\u00f1ola para la adopci\u00f3n y difusi\u00f3n de las tecnolog\u00edas electr\u00f3nicas, de la informaci\u00f3n y la comunicaci\u00f3n, <a href=\"http:\/\/www.planetic.es\/\">http:\/\/www.planetic.es\/<\/a><\/li>\n<\/ul>\n<\/li>\n<li style=\"text-align: justify;\">Coordinar desde el Campus la preparaci\u00f3n de grandes proyectos de investigaci\u00f3n e innovaci\u00f3n con empresas y entidades de la Safor y comarcas vecinas.<\/li>\n<li style=\"text-align: justify;\">Continuar con el Blog de ciencia del Campus, con la Semana de la Ciencia, fomentar la divulgaci\u00f3n cient\u00edfica (radio y televisi\u00f3n) y ampliar la presencia en nuevas redes sociales.<\/li>\n<li style=\"text-align: justify;\">Potenciar la colaboraci\u00f3n con el CEIC Alfons el Vell de Gandia y explorar las posibilidades de colaboraci\u00f3n con otros centros e institutos de investigaci\u00f3n de las comarcas centrales.<\/li>\n<li style=\"text-align: justify;\">Apoyar el Anuario de investigaci\u00f3n para aumentar la visibilidad de la investigaci\u00f3n al Campus (<a href=\"http:\/\/www.slideshare.net\/campusgandiaupv\">http:\/\/www.slideshare.net\/campusgandiaupv<\/a>)<\/li>\n<li style=\"text-align: justify;\">Fomentar las estancias de investigaci\u00f3n: generar y revisar contactos por \u00e1rea a trav\u00e9s de investigadores y la oficina internacional.<\/li>\n<li style=\"text-align: justify;\">Apoyar al personal investigador y a los grupos de investigaci\u00f3n en todo el ciclo de investigaci\u00f3n desde el inicio de los procesos de investigaci\u00f3n, hasta la publicaci\u00f3n y difusi\u00f3n de los resultados desde la Biblioteca-CRAI.<\/li>\n<\/ul>\n","protected":false},"excerpt":{"rendered":"<p class=\"qua-blog-post-description\">Poner en marcha de forma prioritaria un Programa de Doctorado y crear la comisi\u00f3n de investigaci\u00f3n para fomentar la colaboraci\u00f3n de los diferentes grupos. Organizar un Congreso sobre investigaci\u00f3n en la EPSG, con invitados internacionales y revista indexada, para promover la colaboraci\u00f3n entre el profesorado e investigadores. Apoyar y favorecer al IGIC y la Unidad [&hellip;]<\/p>\n","protected":false},"author":1,"featured_media":0,"parent":0,"menu_order":0,"comment_status":"closed","ping_status":"closed","template":"","meta":{"footnotes":""},"class_list":["post-78","page","type-page","status-publish","hentry"],"_links":{"self":[{"href":"https:\/\/jesusalba2016.webs.upv.es\/es\/index.php\/wp-json\/wp\/v2\/pages\/78","targetHints":{"allow":["GET"]}}],"collection":[{"href":"https:\/\/jesusalba2016.webs.upv.es\/es\/index.php\/wp-json\/wp\/v2\/pages"}],"about":[{"href":"https:\/\/jesusalba2016.webs.upv.es\/es\/index.php\/wp-json\/wp\/v2\/types\/page"}],"author":[{"embeddable":true,"href":"https:\/\/jesusalba2016.webs.upv.es\/es\/index.php\/wp-json\/wp\/v2\/users\/1"}],"replies":[{"embeddable":true,"href":"https:\/\/jesusalba2016.webs.upv.es\/es\/index.php\/wp-json\/wp\/v2\/comments?post=78"}],"version-history":[{"count":2,"href":"https:\/\/jesusalba2016.webs.upv.es\/es\/index.php\/wp-json\/wp\/v2\/pages\/78\/revisions"}],"predecessor-version":[{"id":183,"href":"https:\/\/jesusalba2016.webs.upv.es\/es\/index.php\/wp-json\/wp\/v2\/pages\/78\/revisions\/183"}],"wp:attachment":[{"href":"https:\/\/jesusalba2016.webs.upv.es\/es\/index.php\/wp-json\/wp\/v2\/media?parent=78"}],"curies":[{"name":"wp","href":"https:\/\/api.w.org\/{rel}","templated":true}]}}