{"id":80,"date":"2016-11-15T00:09:13","date_gmt":"2016-11-15T00:09:13","guid":{"rendered":"https:\/\/jesusalba2016.webs.upv.es\/?page_id=80"},"modified":"2016-11-15T19:34:12","modified_gmt":"2016-11-15T19:34:12","slug":"les-infraestructures-al-campus-que-volem","status":"publish","type":"page","link":"https:\/\/jesusalba2016.webs.upv.es\/es\/index.php\/les-infraestructures-al-campus-que-volem\/","title":{"rendered":"Las INFRAESTRUCTURAS en el CAMPUS QUE QUEREMOS"},"content":{"rendered":"<ul>\n<li style=\"text-align: justify;\">Habilitar m\u00e1s espacios para zonas de estudio, tanto individual como en grupo.<\/li>\n<li style=\"text-align: justify;\">Mejora progresiva y flexibilizaci\u00f3n de las aulas de inform\u00e1tica y otros espacios para la colaboraci\u00f3n, utilizando para lo cual, entre otros, los fondos provenientes del alquiler de espacios en el Centro.<\/li>\n<li style=\"text-align: justify;\">Continuar con las pol\u00edticas de eficiencia y ahorro energ\u00e9tico, tales como la optimizaci\u00f3n de la iluminaci\u00f3n y la climatizaci\u00f3n, etc.<\/li>\n<li style=\"text-align: justify;\">Revisi\u00f3n del Plan de Autoprotecci\u00f3n del Centro (formaci\u00f3n, delegaci\u00f3n de responsabilidades, planes de evacuaci\u00f3n, etc.).<\/li>\n<li style=\"text-align: justify;\">Preparar un informe de situaci\u00f3n de espacios e infraestructuras.<\/li>\n<li style=\"text-align: justify;\">Revisar el estado de las infraestructuras del Campus pendientes de construir (investigaci\u00f3n, deportes, etc.) y priorizar su demanda.<\/li>\n<li style=\"text-align: justify;\">Flexibilizar espacios del CRAI conforme a las necesidades en cada momento.<\/li>\n<li style=\"text-align: justify;\">Cuidar nuestra Escola d\u00b4Estiu frente a otras empresas externas que organizan actividades paralelas a la misma hora.<\/li>\n<li style=\"text-align: justify;\">Mantener la gesti\u00f3n medioambiental.<\/li>\n<\/ul>\n","protected":false},"excerpt":{"rendered":"<p class=\"qua-blog-post-description\">Habilitar m\u00e1s espacios para zonas de estudio, tanto individual como en grupo. Mejora progresiva y flexibilizaci\u00f3n de las aulas de inform\u00e1tica y otros espacios para la colaboraci\u00f3n, utilizando para lo cual, entre otros, los fondos provenientes del alquiler de espacios en el Centro. Continuar con las pol\u00edticas de eficiencia y ahorro energ\u00e9tico, tales como la [&hellip;]<\/p>\n","protected":false},"author":1,"featured_media":0,"parent":0,"menu_order":0,"comment_status":"closed","ping_status":"closed","template":"","meta":{"footnotes":""},"class_list":["post-80","page","type-page","status-publish","hentry"],"_links":{"self":[{"href":"https:\/\/jesusalba2016.webs.upv.es\/es\/index.php\/wp-json\/wp\/v2\/pages\/80","targetHints":{"allow":["GET"]}}],"collection":[{"href":"https:\/\/jesusalba2016.webs.upv.es\/es\/index.php\/wp-json\/wp\/v2\/pages"}],"about":[{"href":"https:\/\/jesusalba2016.webs.upv.es\/es\/index.php\/wp-json\/wp\/v2\/types\/page"}],"author":[{"embeddable":true,"href":"https:\/\/jesusalba2016.webs.upv.es\/es\/index.php\/wp-json\/wp\/v2\/users\/1"}],"replies":[{"embeddable":true,"href":"https:\/\/jesusalba2016.webs.upv.es\/es\/index.php\/wp-json\/wp\/v2\/comments?post=80"}],"version-history":[{"count":1,"href":"https:\/\/jesusalba2016.webs.upv.es\/es\/index.php\/wp-json\/wp\/v2\/pages\/80\/revisions"}],"predecessor-version":[{"id":184,"href":"https:\/\/jesusalba2016.webs.upv.es\/es\/index.php\/wp-json\/wp\/v2\/pages\/80\/revisions\/184"}],"wp:attachment":[{"href":"https:\/\/jesusalba2016.webs.upv.es\/es\/index.php\/wp-json\/wp\/v2\/media?parent=80"}],"curies":[{"name":"wp","href":"https:\/\/api.w.org\/{rel}","templated":true}]}}