{"id":82,"date":"2016-11-15T00:09:45","date_gmt":"2016-11-15T00:09:45","guid":{"rendered":"https:\/\/jesusalba2016.webs.upv.es\/?page_id=82"},"modified":"2016-11-15T19:35:28","modified_gmt":"2016-11-15T19:35:28","slug":"projeccio-internacional-al-campus-que-volem","status":"publish","type":"page","link":"https:\/\/jesusalba2016.webs.upv.es\/es\/index.php\/projeccio-internacional-al-campus-que-volem\/","title":{"rendered":"La PROYECCI\u00d3N INTERNACIONAL en el CAMPUS QUE QUEREMOS"},"content":{"rendered":"<ul>\n<li style=\"text-align: justify;\">Seguir trabajando para aumentar el n\u00famero de los estudiantes con alguna experiencia internacional a trav\u00e9s de los diferentes programas de intercambio: ERASMUS (ERASMUS, ERASMUS MUNDUS, etc.), CIENCIA SIN FRONTERAS, SICUE, PROMOE, etc.<\/li>\n<li style=\"text-align: justify;\">Apoyar los cursos intensivos de espa\u00f1ol para alumnos de intercambio e incluir la cultura valenciana.<\/li>\n<li style=\"text-align: justify;\">Fomentar la preparaci\u00f3n de un m\u00e1ster internacional de Telecomunicaciones mediante el programa Erasmus Mundus.<\/li>\n<li style=\"text-align: justify;\">Apoyar las acciones del programa con China y potenciarlo como elemento diferenciador de nuestro campus.<\/li>\n<li style=\"text-align: justify;\">Fomentar los dobles t\u00edtulos internacionales, con especial inter\u00e9s en las universidades de prestigio.<\/li>\n<li style=\"text-align: justify;\">Continuar ampliando los convenios con universidades europeas de prestigio.<\/li>\n<li style=\"text-align: justify;\">Desarrollar las relaciones con universidades americanas aprovechando la oportunidad que supone la acreditaci\u00f3n ABET.<\/li>\n<li style=\"text-align: justify;\">Trabajar en la implantaci\u00f3n de un doble grado internacional.<\/li>\n<li style=\"text-align: justify;\">Apoyar al PDI para formentar su movilidad internacional.<\/li>\n<li style=\"text-align: justify;\">Adicionalmente, a aquellos profesores que se encuentran en proceso de formaci\u00f3n y acreditaci\u00f3n se los prestar\u00e1 especial apoyo con el objetivo de conseguir estancias prolongadas en centros internacionales, trabajando de forma conjunta tanto la cuesti\u00f3n econ\u00f3mica como la acad\u00e9mica.<\/li>\n<li style=\"text-align: justify;\">Promover la participaci\u00f3n en proyectos de investigaci\u00f3n internacionales.<\/li>\n<\/ul>\n","protected":false},"excerpt":{"rendered":"<p class=\"qua-blog-post-description\">Seguir trabajando para aumentar el n\u00famero de los estudiantes con alguna experiencia internacional a trav\u00e9s de los diferentes programas de intercambio: ERASMUS (ERASMUS, ERASMUS MUNDUS, etc.), CIENCIA SIN FRONTERAS, SICUE, PROMOE, etc. Apoyar los cursos intensivos de espa\u00f1ol para alumnos de intercambio e incluir la cultura valenciana. Fomentar la preparaci\u00f3n de un m\u00e1ster internacional de [&hellip;]<\/p>\n","protected":false},"author":1,"featured_media":0,"parent":0,"menu_order":0,"comment_status":"closed","ping_status":"closed","template":"","meta":{"footnotes":""},"class_list":["post-82","page","type-page","status-publish","hentry"],"_links":{"self":[{"href":"https:\/\/jesusalba2016.webs.upv.es\/es\/index.php\/wp-json\/wp\/v2\/pages\/82","targetHints":{"allow":["GET"]}}],"collection":[{"href":"https:\/\/jesusalba2016.webs.upv.es\/es\/index.php\/wp-json\/wp\/v2\/pages"}],"about":[{"href":"https:\/\/jesusalba2016.webs.upv.es\/es\/index.php\/wp-json\/wp\/v2\/types\/page"}],"author":[{"embeddable":true,"href":"https:\/\/jesusalba2016.webs.upv.es\/es\/index.php\/wp-json\/wp\/v2\/users\/1"}],"replies":[{"embeddable":true,"href":"https:\/\/jesusalba2016.webs.upv.es\/es\/index.php\/wp-json\/wp\/v2\/comments?post=82"}],"version-history":[{"count":2,"href":"https:\/\/jesusalba2016.webs.upv.es\/es\/index.php\/wp-json\/wp\/v2\/pages\/82\/revisions"}],"predecessor-version":[{"id":188,"href":"https:\/\/jesusalba2016.webs.upv.es\/es\/index.php\/wp-json\/wp\/v2\/pages\/82\/revisions\/188"}],"wp:attachment":[{"href":"https:\/\/jesusalba2016.webs.upv.es\/es\/index.php\/wp-json\/wp\/v2\/media?parent=82"}],"curies":[{"name":"wp","href":"https:\/\/api.w.org\/{rel}","templated":true}]}}