{"id":84,"date":"2016-11-15T00:10:36","date_gmt":"2016-11-15T00:10:36","guid":{"rendered":"https:\/\/jesusalba2016.webs.upv.es\/?page_id=84"},"modified":"2016-11-15T19:37:17","modified_gmt":"2016-11-15T19:37:17","slug":"relacio-amb-les-empreses-i-entitats-al-campus-que-volem","status":"publish","type":"page","link":"https:\/\/jesusalba2016.webs.upv.es\/es\/index.php\/relacio-amb-les-empreses-i-entitats-al-campus-que-volem\/","title":{"rendered":"La RELACI\u00d3N CON LAS EMPRESAS Y ENTIDADES en el CAMPUS QUE QUEREMOS"},"content":{"rendered":"<ul>\n<li style=\"text-align: justify;\">Mantener una Subdirecci\u00f3n de innovaci\u00f3n, relaciones con la Empresas y empleo.<\/li>\n<li style=\"text-align: justify;\">Continuar apoyando a las actividades de las C\u00e1tedras-Empresa, coordin\u00e1ndolas con los Servicios de la Escuela, tanto en lo referente a cursos de formaci\u00f3n como en actividades de investigaci\u00f3n aplicada.<\/li>\n<li style=\"text-align: justify;\">Apoyar el programa Ideas.<\/li>\n<li style=\"text-align: justify;\">Mantener las C\u00e1tedras-Empresa actuales.<\/li>\n<li style=\"text-align: justify;\">Fomentar y coordinar desde el Campus la preparaci\u00f3n de grandes proyectos de investigaci\u00f3n e innovaci\u00f3n con empresas y entidades del entorno dentro de los programas europeos (LIFE+, Programas H2020, como SME, retos sociales, etc.)<\/li>\n<li style=\"text-align: justify;\">Apoyar y revitalizar el \u201cForo de *Empleo\u201d<\/li>\n<li style=\"text-align: justify;\">Mantener el certificado de Calidad ISO 9001:2000 de la Unidad de Pr\u00e1cticas<\/li>\n<li style=\"text-align: justify;\">Impulsar la colaboraci\u00f3n con entidades profesionales y empresariales de la comarca (cofrad\u00edas de pescadores, asociaciones de hosteler\u00eda, comerciantes, colegios profesionales, etc.).<\/li>\n<li style=\"text-align: justify;\">Promover la vinculaci\u00f3n al entorno comarcal de las tem\u00e1ticas de los Trabajos Fin de Grado y M\u00e1ster en la l\u00ednea de aportar conocimiento al desarrollo de nuestro entorno.<\/li>\n<li style=\"text-align: justify;\">Seguir promocionando las actividades de emprendedur\u00eda social y empresarial.<\/li>\n<\/ul>\n","protected":false},"excerpt":{"rendered":"<p class=\"qua-blog-post-description\">Mantener una Subdirecci\u00f3n de innovaci\u00f3n, relaciones con la Empresas y empleo. Continuar apoyando a las actividades de las C\u00e1tedras-Empresa, coordin\u00e1ndolas con los Servicios de la Escuela, tanto en lo referente a cursos de formaci\u00f3n como en actividades de investigaci\u00f3n aplicada. Apoyar el programa Ideas. Mantener las C\u00e1tedras-Empresa actuales. Fomentar y coordinar desde el Campus la [&hellip;]<\/p>\n","protected":false},"author":1,"featured_media":0,"parent":0,"menu_order":0,"comment_status":"closed","ping_status":"closed","template":"","meta":{"footnotes":""},"class_list":["post-84","page","type-page","status-publish","hentry"],"_links":{"self":[{"href":"https:\/\/jesusalba2016.webs.upv.es\/es\/index.php\/wp-json\/wp\/v2\/pages\/84","targetHints":{"allow":["GET"]}}],"collection":[{"href":"https:\/\/jesusalba2016.webs.upv.es\/es\/index.php\/wp-json\/wp\/v2\/pages"}],"about":[{"href":"https:\/\/jesusalba2016.webs.upv.es\/es\/index.php\/wp-json\/wp\/v2\/types\/page"}],"author":[{"embeddable":true,"href":"https:\/\/jesusalba2016.webs.upv.es\/es\/index.php\/wp-json\/wp\/v2\/users\/1"}],"replies":[{"embeddable":true,"href":"https:\/\/jesusalba2016.webs.upv.es\/es\/index.php\/wp-json\/wp\/v2\/comments?post=84"}],"version-history":[{"count":2,"href":"https:\/\/jesusalba2016.webs.upv.es\/es\/index.php\/wp-json\/wp\/v2\/pages\/84\/revisions"}],"predecessor-version":[{"id":190,"href":"https:\/\/jesusalba2016.webs.upv.es\/es\/index.php\/wp-json\/wp\/v2\/pages\/84\/revisions\/190"}],"wp:attachment":[{"href":"https:\/\/jesusalba2016.webs.upv.es\/es\/index.php\/wp-json\/wp\/v2\/media?parent=84"}],"curies":[{"name":"wp","href":"https:\/\/api.w.org\/{rel}","templated":true}]}}