{"id":86,"date":"2016-11-15T00:11:17","date_gmt":"2016-11-15T00:11:17","guid":{"rendered":"https:\/\/jesusalba2016.webs.upv.es\/?page_id=86"},"modified":"2016-11-15T19:39:15","modified_gmt":"2016-11-15T19:39:15","slug":"la-promocio-del-campus-que-volem","status":"publish","type":"page","link":"https:\/\/jesusalba2016.webs.upv.es\/es\/index.php\/la-promocio-del-campus-que-volem\/","title":{"rendered":"La PROMOCI\u00d3N en el CAMPUS QUE QUEREMOS"},"content":{"rendered":"<ul>\n<li style=\"text-align: justify;\">Ofrecer toda la informaci\u00f3n del Campus en las lenguas oficiales y en ingl\u00e9s.<\/li>\n<li style=\"text-align: justify;\">Continuar con el Blog de ciencia del Campus y proponer mejoras.<\/li>\n<li style=\"text-align: justify;\">Continuar fomentando la difusi\u00f3n \/divulgaci\u00f3n cient\u00edfica a trav\u00e9s de la radio y la televisi\u00f3n.<\/li>\n<li style=\"text-align: justify;\">Buscar f\u00f3rmulas para ampliar la presencia de la investigaci\u00f3n del Campus en nuevas redes sociales (Instagram, LinkedIn, Pinterest&#8230;).<\/li>\n<li style=\"text-align: justify;\">Modificar el protocolo del acto de inauguraci\u00f3n del curso escolar si la UPV lo permite, potenciando la investigaci\u00f3n de campus:\n<ul>\n<li>Reconocimientos a la actividad investigadora a quienes hayan conseguido un sexenio<\/li>\n<li>Reconocimiento a los nuevos doctores<\/li>\n<li>Reconocimiento al investigador\/a del a\u00f1o del Campus y al joven investigador<\/li>\n<\/ul>\n<\/li>\n<li style=\"text-align: justify;\">Continuar con la Semana de la Ciencia y potenciarla como acontecimiento cient\u00edfico anual<\/li>\n<li style=\"text-align: justify;\">Apoyar las actividades de la Delegaci\u00f3n de Alumnos<\/li>\n<li style=\"text-align: justify;\">Potenciar el \u201cForo de Empleo\u201d, el \u201cClub de *empleo-UPV\u201d y el \u201cBlog de empleo\u201d<\/li>\n<li style=\"text-align: justify;\">Promocionar la realizaci\u00f3n de actividades deportivas y culturales, como por ejemplo competiciones internas, exposiciones art\u00edsticas, proyecciones cinematogr\u00e1ficas, representaciones teatrales, actuaciones musicales, bolsas de intercambio de literatura o m\u00fasica, entre otras.<\/li>\n<li style=\"text-align: justify;\">Racionalizar, promocionar y potenciar los acontecimientos del campus: Jornadas sobre agricultura ecol\u00f3gica, Acontecimiento TEDxUPValencia, Congreso Comunica2, 12 horas deportivas, D\u00eda de la mujer, Jornadas \u00c1rbol de la Ciencia, D\u00eda del libro, Foro de Ocupaci\u00f3n, Festival cortos en valenciano, Muestra Audiovisual, Obra de teatro Monminet, Concierto Big Band, Graduaciones UPV, Bienvenida Erasmus, Jornadas de Puertas abiertas, Jornadas de Acogida, Global Game Jam, Apertura de curso, Jornadas de Orientaci\u00f3n, Semana de la Ciencia, etc.<\/li>\n<li style=\"text-align: justify;\">Realizar un contacto permanente y feedback con titulados del Campus para ver su evoluci\u00f3n profesional y extraer lecciones de sus experiencias. Invitarlos a exponer sus experiencias y consejos en los alumnos.<\/li>\n<li style=\"text-align: justify;\">Coordinarnos con el campus de Alcoy para optimizar esfuerzos en la promoci\u00f3n en las comarcas centrales.<\/li>\n<li style=\"text-align: justify;\">Incrementar contactos y colaboraciones con institutos, ayuntamientos, centros de investigaci\u00f3n y asociaciones culturales del entorno.<\/li>\n<li style=\"text-align: justify;\">Participar en todos los acontecimientos educativos y culturales de las comarcas centrales.<\/li>\n<\/ul>\n","protected":false},"excerpt":{"rendered":"<p class=\"qua-blog-post-description\">Ofrecer toda la informaci\u00f3n del Campus en las lenguas oficiales y en ingl\u00e9s. Continuar con el Blog de ciencia del Campus y proponer mejoras. Continuar fomentando la difusi\u00f3n \/divulgaci\u00f3n cient\u00edfica a trav\u00e9s de la radio y la televisi\u00f3n. Buscar f\u00f3rmulas para ampliar la presencia de la investigaci\u00f3n del Campus en nuevas redes sociales (Instagram, LinkedIn, [&hellip;]<\/p>\n","protected":false},"author":1,"featured_media":0,"parent":0,"menu_order":0,"comment_status":"closed","ping_status":"closed","template":"","meta":{"footnotes":""},"class_list":["post-86","page","type-page","status-publish","hentry"],"_links":{"self":[{"href":"https:\/\/jesusalba2016.webs.upv.es\/es\/index.php\/wp-json\/wp\/v2\/pages\/86","targetHints":{"allow":["GET"]}}],"collection":[{"href":"https:\/\/jesusalba2016.webs.upv.es\/es\/index.php\/wp-json\/wp\/v2\/pages"}],"about":[{"href":"https:\/\/jesusalba2016.webs.upv.es\/es\/index.php\/wp-json\/wp\/v2\/types\/page"}],"author":[{"embeddable":true,"href":"https:\/\/jesusalba2016.webs.upv.es\/es\/index.php\/wp-json\/wp\/v2\/users\/1"}],"replies":[{"embeddable":true,"href":"https:\/\/jesusalba2016.webs.upv.es\/es\/index.php\/wp-json\/wp\/v2\/comments?post=86"}],"version-history":[{"count":1,"href":"https:\/\/jesusalba2016.webs.upv.es\/es\/index.php\/wp-json\/wp\/v2\/pages\/86\/revisions"}],"predecessor-version":[{"id":191,"href":"https:\/\/jesusalba2016.webs.upv.es\/es\/index.php\/wp-json\/wp\/v2\/pages\/86\/revisions\/191"}],"wp:attachment":[{"href":"https:\/\/jesusalba2016.webs.upv.es\/es\/index.php\/wp-json\/wp\/v2\/media?parent=86"}],"curies":[{"name":"wp","href":"https:\/\/api.w.org\/{rel}","templated":true}]}}