{"id":88,"date":"2016-11-15T00:24:33","date_gmt":"2016-11-15T00:24:33","guid":{"rendered":"https:\/\/jesusalba2016.webs.upv.es\/?page_id=88"},"modified":"2016-11-16T14:29:43","modified_gmt":"2016-11-16T14:29:43","slug":"equip-de-direccion","status":"publish","type":"page","link":"https:\/\/jesusalba2016.webs.upv.es\/es\/index.php\/equip-de-direccion\/","title":{"rendered":"UN EQUIPO DIRECTIVO QUE CUMPLE LA NORMATIVA"},"content":{"rendered":"<p>&nbsp;<\/p>\n<p>A fecha de hoy, la EPSG puede tener una direcci\u00f3n compuesta por Director, Jefatura de Estudios, Secretario, 4 subdirectores de derecho por sus indicadores y 2 subdirectores temporales (que podr\u00edan no renovar). Adem\u00e1s, todos los DAT de los t\u00edtulos impartidos en la EPSG est\u00e1n asimilados a subdirectores a efectos de reconocimiento y acreditaci\u00f3n.<\/p>\n<p>En funci\u00f3n de estas limitaciones se propone la <strong>estructura organizativa para la Direcci\u00f3n del Centro<\/strong> siguiente:<\/p>\n<p>&nbsp;<\/p>\n<h2><strong><img loading=\"lazy\" decoding=\"async\" class=\" wp-image-134 alignleft\" src=\"https:\/\/jesusalba2016.webs.upv.es\/es\/wp-content\/uploads\/2016\/11\/victor-sanchez-300x213.jpg\" alt=\"victor-sanchez\" width=\"324\" height=\"230\" srcset=\"https:\/\/jesusalba2016.webs.upv.es\/es\/wp-content\/uploads\/2016\/11\/victor-sanchez-300x213.jpg 300w, https:\/\/jesusalba2016.webs.upv.es\/es\/wp-content\/uploads\/2016\/11\/victor-sanchez-768x546.jpg 768w, https:\/\/jesusalba2016.webs.upv.es\/es\/wp-content\/uploads\/2016\/11\/victor-sanchez-1024x727.jpg 1024w\" sizes=\"auto, (max-width: 324px) 100vw, 324px\" \/>Jefe de Estudios<\/strong><\/h2>\n<h3><strong>Victor S\u00e1nchez Morcillo<\/strong><\/h3>\n<p style=\"text-align: justify;\">Se propone una Direcci\u00f3n de Estudios m\u00e1s acorde con la NRAEA, sobre todo\u00a0en la parte del T\u00edtulo II de la Organizaci\u00f3n Acad\u00e9mica. Las competencias de Calidad y Nuevos T\u00edtulos y las de Alumnado e Innovaci\u00f3n Educativa pasan a otras subdirecciones.<\/p>\n<p style=\"text-align: justify;\">La Jefatura de Estudios conecta con las Jefaturas de Estudios de otras escuelas de la UPV, con el Vicerrectorado de Asuntos Econ\u00f3micos y Planificaci\u00f3n y el Vicerrectorado de Estudios, Calidad y Acreditaci\u00f3n.<\/p>\n<p>&nbsp;<\/p>\n<h2><strong><img loading=\"lazy\" decoding=\"async\" class=\"alignright wp-image-136\" src=\"https:\/\/jesusalba2016.webs.upv.es\/es\/wp-content\/uploads\/2016\/11\/jose_pelegri-240x300.jpg\" alt=\"jose_pelegri\" width=\"197\" height=\"246\" srcset=\"https:\/\/jesusalba2016.webs.upv.es\/es\/wp-content\/uploads\/2016\/11\/jose_pelegri-240x300.jpg 240w, https:\/\/jesusalba2016.webs.upv.es\/es\/wp-content\/uploads\/2016\/11\/jose_pelegri-768x960.jpg 768w, https:\/\/jesusalba2016.webs.upv.es\/es\/wp-content\/uploads\/2016\/11\/jose_pelegri-819x1024.jpg 819w, https:\/\/jesusalba2016.webs.upv.es\/es\/wp-content\/uploads\/2016\/11\/jose_pelegri.jpg 899w\" sizes=\"auto, (max-width: 197px) 100vw, 197px\" \/>Secretario y Subdirector de Plan Estrategico<\/strong><\/h2>\n<h3><strong>Jos\u00e9 Pelegr\u00ed Sebasti\u00e1<\/strong><\/h3>\n<p style=\"text-align: justify;\">Es la segunda subdirecci\u00f3n obligatoria que har\u00e1 cumplir las normativas en el centro, con el apoyo del personal de secretar\u00eda. Adem\u00e1s, se le asigna la redacci\u00f3n del informe de situaci\u00f3n de Campus y del plan estrat\u00e9gico, con el objetivo de reforzar los t\u00edtulos y m\u00e1steres actuales, fomentar la investigaci\u00f3n al campus, y prospectiva de nuevos t\u00edtulos, dobles grados, etc. Conectar\u00e1 con el Vicerrectorado de Asuntos Econ\u00f3micos y Planificaci\u00f3n, con el Vicerrectorado de Investigaci\u00f3n, Innovaci\u00f3n y Transferencia, y con el\u00a0Vicerrectorado de las Tecnolog\u00edas de la Informaci\u00f3n y las Comunicaciones.<\/p>\n<p>&nbsp;<\/p>\n<p>&nbsp;<\/p>\n<p>&nbsp;<\/p>\n<h2><strong><img loading=\"lazy\" decoding=\"async\" class=\" wp-image-137 alignleft\" src=\"https:\/\/jesusalba2016.webs.upv.es\/es\/wp-content\/uploads\/2016\/11\/Almanzor_Sapena-300x225.jpg\" alt=\"almanzor_sapena\" width=\"288\" height=\"216\" srcset=\"https:\/\/jesusalba2016.webs.upv.es\/es\/wp-content\/uploads\/2016\/11\/Almanzor_Sapena-300x225.jpg 300w, https:\/\/jesusalba2016.webs.upv.es\/es\/wp-content\/uploads\/2016\/11\/Almanzor_Sapena-768x576.jpg 768w, https:\/\/jesusalba2016.webs.upv.es\/es\/wp-content\/uploads\/2016\/11\/Almanzor_Sapena-1024x768.jpg 1024w\" sizes=\"auto, (max-width: 288px) 100vw, 288px\" \/>Subdirector de Calidad y Nuevos T\u00edtulos<\/strong><\/h2>\n<h3><strong>Almanzor Sapena Piera<\/strong><\/h3>\n<p style=\"text-align: justify;\">Es un subdirector importante para la gesti\u00f3n acad\u00e9mica. La falta de un t\u00e9cnico de esa tem\u00e1tica en la EPSG obliga a abordar sus funciones por parte de la direcci\u00f3n. Se encargar\u00e1 de la elaboraci\u00f3n y la documentaci\u00f3n de los planes de estudios, de la verificaci\u00f3n y acreditaci\u00f3n de t\u00edtulos, colaborar\u00e1 en la gesti\u00f3n del Plan de Ordenaci\u00f3n Docente y coordinar\u00e1 las competencias transversales. Su Vicerrectorado de referencia es el Vicerrectorado de Estudios, Calidad y Acreditaci\u00f3n.<\/p>\n<p>&nbsp;<\/p>\n<p>&nbsp;<\/p>\n<h2><strong><img loading=\"lazy\" decoding=\"async\" class=\"size-medium wp-image-138 alignright\" src=\"https:\/\/jesusalba2016.webs.upv.es\/es\/wp-content\/uploads\/2016\/11\/Jose_Miro-300x225.jpg\" alt=\"jose_miro\" width=\"300\" height=\"225\" srcset=\"https:\/\/jesusalba2016.webs.upv.es\/es\/wp-content\/uploads\/2016\/11\/Jose_Miro-300x225.jpg 300w, https:\/\/jesusalba2016.webs.upv.es\/es\/wp-content\/uploads\/2016\/11\/Jose_Miro-768x576.jpg 768w, https:\/\/jesusalba2016.webs.upv.es\/es\/wp-content\/uploads\/2016\/11\/Jose_Miro-1024x768.jpg 1024w\" sizes=\"auto, (max-width: 300px) 100vw, 300px\" \/>Subdirector de Infraestructuras<\/strong><\/h2>\n<h3><strong>Jos\u00e9 Miro Moratal<\/strong><\/h3>\n<p style=\"text-align: justify;\">Un subdirector tambi\u00e9n necesario en la EPSG que tiene que gestionar la ejecuci\u00f3n de todas las obras, instalaciones, concesiones, etc. Est\u00e1 encargado de la gesti\u00f3n medioambiental y recuperar\u00e1 la comisi\u00f3n de laboratorios. Conecta con el Vicerrectorado de Asuntos Econ\u00f3micos y Planificaci\u00f3n, con el Vicerrectorado de las Tecnolog\u00edas de la Informaci\u00f3n y las Comunicaciones y sobre todo, la Direcci\u00f3n Delegada de Eficiencia Energ\u00e9tica y Medio ambiente.<\/p>\n<p>&nbsp;<\/p>\n<h2><strong><img loading=\"lazy\" decoding=\"async\" class=\"size-medium wp-image-139 alignleft\" src=\"https:\/\/jesusalba2016.webs.upv.es\/es\/wp-content\/uploads\/2016\/11\/alfonso_martinez_garcia-300x202.jpg\" alt=\"alfonso_martinez_garcia\" width=\"300\" height=\"202\" srcset=\"https:\/\/jesusalba2016.webs.upv.es\/es\/wp-content\/uploads\/2016\/11\/alfonso_martinez_garcia-300x202.jpg 300w, https:\/\/jesusalba2016.webs.upv.es\/es\/wp-content\/uploads\/2016\/11\/alfonso_martinez_garcia-768x518.jpg 768w, https:\/\/jesusalba2016.webs.upv.es\/es\/wp-content\/uploads\/2016\/11\/alfonso_martinez_garcia-1024x691.jpg 1024w\" sizes=\"auto, (max-width: 300px) 100vw, 300px\" \/>Subdirector de Alumnado e Innovaci\u00f3n Educativa<\/strong><\/h2>\n<h3><strong>Alfonso Mart\u00ednez Garc\u00eda<\/strong><\/h3>\n<p style=\"text-align: justify;\">Una subdirecci\u00f3n pensada para poner en valor a nuestros alumnos y favorecer todas las iniciativas que puedan mejorar la calidad de la ense\u00f1anza. Tiene que poner en marcha y\/o apoyar las propuestas de\u00a0mejora que forman parte de los informes de gesti\u00f3n de los T\u00edtulos de la EPSG. Ser\u00e1 el interlocutor con la Delegaci\u00f3n de Alumnos, canalizando los asuntos relacionados con ellos. Apoyar\u00e1 las tareas del \u00e1rea Internacional y los programas asociados al ICE (Programa Integra. Plan de Acci\u00f3n Tutorial Universitario (PATU)), y llevar\u00e1 los proyectos de Innovaci\u00f3n Educativa: Propuestas y aportaciones que comporten un cambio.<\/p>\n<p style=\"text-align: justify;\">Los vicerrectorados de referencia son: Vicerrectorado de Estudios, Calidad y Acreditaci\u00f3n, el Vicerrectorado de Alumnado y\u00a0Extensi\u00f3n Universitaria, el Vicerrectorado de Ordenaci\u00f3n\u00a0Acad\u00e9mica y Profesorado y el Gabinete del Rector.<\/p>\n<p>&nbsp;<\/p>\n<p>&nbsp;<\/p>\n<h2><strong><img loading=\"lazy\" decoding=\"async\" class=\"size-medium wp-image-140 alignright\" src=\"https:\/\/jesusalba2016.webs.upv.es\/es\/wp-content\/uploads\/2016\/11\/JosepAngel_Mas-300x225.jpg\" alt=\"josepangel_mas\" width=\"300\" height=\"225\" srcset=\"https:\/\/jesusalba2016.webs.upv.es\/es\/wp-content\/uploads\/2016\/11\/JosepAngel_Mas-300x225.jpg 300w, https:\/\/jesusalba2016.webs.upv.es\/es\/wp-content\/uploads\/2016\/11\/JosepAngel_Mas-768x576.jpg 768w, https:\/\/jesusalba2016.webs.upv.es\/es\/wp-content\/uploads\/2016\/11\/JosepAngel_Mas-1024x768.jpg 1024w\" sizes=\"auto, (max-width: 300px) 100vw, 300px\" \/>Subdirector de Promoci\u00f3n y Fomento<\/strong><\/h2>\n<h3><strong>Josep Angel Mas Castells<\/strong><\/h3>\n<p style=\"text-align: justify;\">Esta subdirecci\u00f3n contin\u00faa con las tareas de promoci\u00f3n dentro del campus: Jornadas de Puertas Abiertas, Campus Praktikum UPV, visita a las instalaciones, etc. Tambi\u00e9n se encargar\u00e1 del fomento del campus en centros educativos no universitarios, de la integraci\u00f3n en actividades de la comarca Safor-Valldigna y otras comarcas vecinas (por ej. Encuentros de escuelas, encuentros de j\u00f3venes, encuentros bandas juveniles, etc.). Valorar\u00e1 la creaci\u00f3n de una Comisi\u00f3n de secundaria y la creaci\u00f3n de Comisiones de Promoci\u00f3n de t\u00edtulos con PDI +PAS. Estudiar\u00e1 la posibilidad de coordinar acciones de fomento del campus en particular y de la UPV en general con la EPS de Alcoy, especialmente dirigidas a las comarcas centrales valencianas.<\/p>\n<p>Conectado con el Vicerrectorado de Alumnado y Extensi\u00f3n Universitaria y con el Gabinete del Rector.<\/p>\n<p>&nbsp;<\/p>\n<h2><strong><img loading=\"lazy\" decoding=\"async\" class=\" wp-image-141 alignleft\" src=\"https:\/\/jesusalba2016.webs.upv.es\/es\/wp-content\/uploads\/2016\/11\/Javier_Pastor-300x300.jpg\" alt=\"javier_pastor\" width=\"241\" height=\"241\" srcset=\"https:\/\/jesusalba2016.webs.upv.es\/es\/wp-content\/uploads\/2016\/11\/Javier_Pastor-300x300.jpg 300w, https:\/\/jesusalba2016.webs.upv.es\/es\/wp-content\/uploads\/2016\/11\/Javier_Pastor-150x150.jpg 150w, https:\/\/jesusalba2016.webs.upv.es\/es\/wp-content\/uploads\/2016\/11\/Javier_Pastor-768x768.jpg 768w, https:\/\/jesusalba2016.webs.upv.es\/es\/wp-content\/uploads\/2016\/11\/Javier_Pastor-1024x1024.jpg 1024w\" sizes=\"auto, (max-width: 241px) 100vw, 241px\" \/>Subdirector de Cultura<\/strong><\/h2>\n<h3><strong>Francisco Javier Pastor Castillo<\/strong><\/h3>\n<p style=\"text-align: justify;\">Una\u00a0subdirecci\u00f3n para continuar la buena tarea cultural que actualmente se hace en el Campus, apoyada por la T\u00e9cnico de Promoci\u00f3n Ling\u00fc\u00edstica y Cultural. Tiene que coordinar acontecimientos y actividades culturales, y la Comisi\u00f3n de cultura. Se le encarga la creaci\u00f3n de la \u201dAgenda de Campus\u201d a un \u201cclic\u201d: cultura, deportes, empresas, ICE, CFP, Delegaci\u00f3n de Alumnos, etc. Tiene que poner en marcha mecanismos que ayuden a mejorar la comunicaci\u00f3n de todo el personal del Campus y mantener la informaci\u00f3n actualizada. Conectado con el Vicerrectorado de Alumnado y Extensi\u00f3n Universitaria y con el Vicerrectorado de Responsabilidad Social, Cooperaci\u00f3n y Deportes.<\/p>\n<p>&nbsp;<\/p>\n<p>&nbsp;<\/p>\n<h2><strong><img loading=\"lazy\" decoding=\"async\" class=\"alignright wp-image-200\" src=\"https:\/\/jesusalba2016.webs.upv.es\/es\/wp-content\/uploads\/2016\/11\/vicent-altur2-300x184.jpg\" alt=\"vicent-altur2\" width=\"348\" height=\"214\" srcset=\"https:\/\/jesusalba2016.webs.upv.es\/es\/wp-content\/uploads\/2016\/11\/vicent-altur2-300x184.jpg 300w, https:\/\/jesusalba2016.webs.upv.es\/es\/wp-content\/uploads\/2016\/11\/vicent-altur2-768x472.jpg 768w, https:\/\/jesusalba2016.webs.upv.es\/es\/wp-content\/uploads\/2016\/11\/vicent-altur2-1024x629.jpg 1024w, https:\/\/jesusalba2016.webs.upv.es\/es\/wp-content\/uploads\/2016\/11\/vicent-altur2.jpg 1082w\" sizes=\"auto, (max-width: 348px) 100vw, 348px\" \/>Subdirector de Emprendedores y Relaciones con el Entorno<\/strong><\/h2>\n<h3><strong>Vicent Jes\u00fas Altur Grau<\/strong><\/h3>\n<p>Una subdirecci\u00f3n pensada para continuar con las tareas que ya est\u00e1n haci\u00e9ndose en el Campus. Est\u00e1n a su cargo el centro de emprendedores, el programa Ideas, pr\u00e1cticas en empresa y empleo, innovaci\u00f3n, las c\u00e1tedras de Campus y relaciones con el entorno. Conecta con la Direcci\u00f3n Delegada de Emprendedur\u00eda y Empleo.<\/p>\n<p>&nbsp;<\/p>\n<p>&nbsp;<\/p>\n<h2><strong>El equipo de Direcci\u00f3n del Centro se completar\u00e1, una vez renovada la Junta de Escuela, con la elecci\u00f3n de los Directores Acad\u00e9micos de T\u00edtulos (DAT).<\/strong><\/h2>\n<p style=\"text-align: justify;\">Los DAT ser\u00e1n personas con ganas de trabajar para la EPSG y que cumplan la NRAEA. Cada T\u00edtulo elegir\u00e1 sus candidatos bajo esta premisa. Desde la Direcci\u00f3n se fomentar\u00e1 la creaci\u00f3n y\/o renovaci\u00f3n del m\u00e1ximo n\u00famero de CAT posible (6 CAT de grado y 3 CAT de m\u00e1ster) para aumentar la participaci\u00f3n y la promoci\u00f3n. Adem\u00e1s, renovar\u00e1n y\/o se crear\u00e1n varias comisiones de la EPSG: Comisi\u00f3n Permanente, Comisi\u00f3n de infraestructura y laboratorios, Comisi\u00f3n de investigaci\u00f3n, Comisi\u00f3n de Promoci\u00f3n y Fomento, Comisi\u00f3n internacional y Comisi\u00f3n de cultura.<\/p>\n","protected":false},"excerpt":{"rendered":"<p class=\"qua-blog-post-description\">&nbsp; A fecha de hoy, la EPSG puede tener una direcci\u00f3n compuesta por Director, Jefatura de Estudios, Secretario, 4 subdirectores de derecho por sus indicadores y 2 subdirectores temporales (que podr\u00edan no renovar). Adem\u00e1s, todos los DAT de los t\u00edtulos impartidos en la EPSG est\u00e1n asimilados a subdirectores a efectos de reconocimiento y acreditaci\u00f3n. En [&hellip;]<\/p>\n","protected":false},"author":1,"featured_media":0,"parent":0,"menu_order":0,"comment_status":"closed","ping_status":"closed","template":"","meta":{"footnotes":""},"class_list":["post-88","page","type-page","status-publish","hentry"],"_links":{"self":[{"href":"https:\/\/jesusalba2016.webs.upv.es\/es\/index.php\/wp-json\/wp\/v2\/pages\/88","targetHints":{"allow":["GET"]}}],"collection":[{"href":"https:\/\/jesusalba2016.webs.upv.es\/es\/index.php\/wp-json\/wp\/v2\/pages"}],"about":[{"href":"https:\/\/jesusalba2016.webs.upv.es\/es\/index.php\/wp-json\/wp\/v2\/types\/page"}],"author":[{"embeddable":true,"href":"https:\/\/jesusalba2016.webs.upv.es\/es\/index.php\/wp-json\/wp\/v2\/users\/1"}],"replies":[{"embeddable":true,"href":"https:\/\/jesusalba2016.webs.upv.es\/es\/index.php\/wp-json\/wp\/v2\/comments?post=88"}],"version-history":[{"count":7,"href":"https:\/\/jesusalba2016.webs.upv.es\/es\/index.php\/wp-json\/wp\/v2\/pages\/88\/revisions"}],"predecessor-version":[{"id":202,"href":"https:\/\/jesusalba2016.webs.upv.es\/es\/index.php\/wp-json\/wp\/v2\/pages\/88\/revisions\/202"}],"wp:attachment":[{"href":"https:\/\/jesusalba2016.webs.upv.es\/es\/index.php\/wp-json\/wp\/v2\/media?parent=88"}],"curies":[{"name":"wp","href":"https:\/\/api.w.org\/{rel}","templated":true}]}}