{"id":9,"date":"2016-11-14T19:54:53","date_gmt":"2016-11-14T19:54:53","guid":{"rendered":"https:\/\/jesusalba2016.webs.upv.es\/?page_id=9"},"modified":"2016-11-15T21:16:26","modified_gmt":"2016-11-15T21:16:26","slug":"candidato","status":"publish","type":"page","link":"https:\/\/jesusalba2016.webs.upv.es\/es\/index.php\/candidato\/","title":{"rendered":"PRESENTARME A DIRECTOR"},"content":{"rendered":"<p style=\"text-align: justify;\"><img loading=\"lazy\" decoding=\"async\" class=\"alignleft wp-image-164\" src=\"https:\/\/jesusalba2016.webs.upv.es\/es\/wp-content\/uploads\/2016\/11\/20161115_084104-300x225.jpg\" alt=\"20161115_084104\" width=\"389\" height=\"292\" srcset=\"https:\/\/jesusalba2016.webs.upv.es\/es\/wp-content\/uploads\/2016\/11\/20161115_084104-300x225.jpg 300w, https:\/\/jesusalba2016.webs.upv.es\/es\/wp-content\/uploads\/2016\/11\/20161115_084104-768x576.jpg 768w, https:\/\/jesusalba2016.webs.upv.es\/es\/wp-content\/uploads\/2016\/11\/20161115_084104-1024x768.jpg 1024w\" sizes=\"auto, (max-width: 389px) 100vw, 389px\" \/><\/p>\n<p style=\"text-align: justify;\">Es dif\u00edcil dar una \u00fanica raz\u00f3n que me impulsa a presentar mi candidatura a la direcci\u00f3n de la Escuela Polit\u00e9cnica Superior de Gandia. Quiz\u00e1s apartarse de la gesti\u00f3n parece la posici\u00f3n m\u00e1s previsible cuando se consigue un buen estatus como docente e investigador, y cuando ya has llegado a un conocimiento m\u00e1s completo de nuestra escuela, nuestra universidad y nuestro entorno, cosa que no deja de ser contradictoria. Sin embargo, el esp\u00edritu de un servidor p\u00fablico pienso que tiene que ser, siempre que sea necesario, poner a disposici\u00f3n de la sociedad el que la sociedad te ha dado. La sociedad invierte en nosotros para seamos una herramienta de su propia mejora. En mi caso particular, nuestra escuela me ha dado desde que llegu\u00e9 muchas oportunidades de crecer como docente, como investigador y como gestor. Ahora pienso que es el momento de devolver en la escuela parte de lo que he recibido estos a\u00f1os. Esto, gracias a muchos de mis compa\u00f1eros, lo voy a hacer con ilusi\u00f3n, con entusiasmo y tambi\u00e9n con mucha experiencia.<\/p>\n<p style=\"text-align: justify;\">Estos \u00faltimos a\u00f1os han sido dif\u00edciles para la sociedad en general y para todas las universidades p\u00fablicas en particular. Las circunstancias econ\u00f3micas y sociales, y sobre todo la crisis de valores que vivimos, han afectado de forma significativa a la Universitat Polit\u00e8cnica de Val\u00e8ncia y con m\u00e1s contundencia a nuestra Escuela. La paralizaci\u00f3n de plazas y el aumento de su precariedad (casi un 30% de nuestros profesores son asociados a tiempo parcial con sueldos medianos por debajo de los 500 euros), la fuga de compa\u00f1eros en Valencia porque piensan que tienen mayores oportunidades, la reducci\u00f3n de nuestro personal de administraci\u00f3n y servicios, con traslados en Valencia o con lugares sin cubrir, y la reducci\u00f3n del n\u00famero de alumnos son reflejo de esta dif\u00edcil situaci\u00f3n. Pienso que es\u00a0 momento de hacer todo el que est\u00e9 a nuestro alcance. Todos tenemos que participar e involucrarnos y conseguir mejorar las condiciones de toda la familia que es nuestra Escuela.<\/p>\n<p style=\"text-align: justify;\">Es momento de recuperar la ilusi\u00f3n perdida, de consolidar nuestra escuela como el que es, una gran Escuela reconocida a nivel internacional. Recuperamos todos juntos la ilusi\u00f3n y construimos el Campus que queremos.<\/p>\n<h3 style=\"text-align: center;\"><a href=\"https:\/\/jesusalba2016.webs.upv.es\/es\/index.php\/trajectoria\/\">Conoce al candidato&#8230; mi trayectoria<\/a><\/h3>\n","protected":false},"excerpt":{"rendered":"<p class=\"qua-blog-post-description\">Es dif\u00edcil dar una \u00fanica raz\u00f3n que me impulsa a presentar mi candidatura a la direcci\u00f3n de la Escuela Polit\u00e9cnica Superior de Gandia. Quiz\u00e1s apartarse de la gesti\u00f3n parece la posici\u00f3n m\u00e1s previsible cuando se consigue un buen estatus como docente e investigador, y cuando ya has llegado a un conocimiento m\u00e1s completo de nuestra [&hellip;]<\/p>\n","protected":false},"author":1,"featured_media":0,"parent":0,"menu_order":0,"comment_status":"closed","ping_status":"closed","template":"","meta":{"footnotes":""},"class_list":["post-9","page","type-page","status-publish","hentry"],"_links":{"self":[{"href":"https:\/\/jesusalba2016.webs.upv.es\/es\/index.php\/wp-json\/wp\/v2\/pages\/9","targetHints":{"allow":["GET"]}}],"collection":[{"href":"https:\/\/jesusalba2016.webs.upv.es\/es\/index.php\/wp-json\/wp\/v2\/pages"}],"about":[{"href":"https:\/\/jesusalba2016.webs.upv.es\/es\/index.php\/wp-json\/wp\/v2\/types\/page"}],"author":[{"embeddable":true,"href":"https:\/\/jesusalba2016.webs.upv.es\/es\/index.php\/wp-json\/wp\/v2\/users\/1"}],"replies":[{"embeddable":true,"href":"https:\/\/jesusalba2016.webs.upv.es\/es\/index.php\/wp-json\/wp\/v2\/comments?post=9"}],"version-history":[{"count":4,"href":"https:\/\/jesusalba2016.webs.upv.es\/es\/index.php\/wp-json\/wp\/v2\/pages\/9\/revisions"}],"predecessor-version":[{"id":197,"href":"https:\/\/jesusalba2016.webs.upv.es\/es\/index.php\/wp-json\/wp\/v2\/pages\/9\/revisions\/197"}],"wp:attachment":[{"href":"https:\/\/jesusalba2016.webs.upv.es\/es\/index.php\/wp-json\/wp\/v2\/media?parent=9"}],"curies":[{"name":"wp","href":"https:\/\/api.w.org\/{rel}","templated":true}]}}