{"id":201,"date":"2019-01-25T17:44:12","date_gmt":"2019-01-25T17:44:12","guid":{"rendered":"https:\/\/jesusalba2016.webs.upv.es\/?page_id=201"},"modified":"2025-01-02T11:00:12","modified_gmt":"2025-01-02T11:00:12","slug":"home","status":"publish","type":"page","link":"https:\/\/jesusalba2016.webs.upv.es\/","title":{"rendered":"SEGUIR SUMANT +"},"content":{"rendered":"\n<ul class=\"wp-block-list\">\n<li>Gesti\u00f3 d\u2019una pand\u00e8mia i una DANA<\/li>\n\n\n\n<li>Reconeixement del Campus de Gandia als Estatuts UPV<\/li>\n\n\n\n<li>Defensa i reconeixement del nostres PTGAS al Campus de Gandia<\/li>\n\n\n\n<li>Reivindicaci\u00f3 d\u2019infraestructures de Campus i d\u2019investigaci\u00f3<\/li>\n\n\n\n<li>Potenciaci\u00f3 dels ODS (medi ambient, efici\u00e8ncia, solidaritat, cooperaci\u00f3, igualtat, &#8230;)<\/li>\n\n\n\n<li>Formaci\u00f3 i protecci\u00f3 de la Comunitat Universit\u00e0ria al Campus de Gandia<\/li>\n\n\n\n<li>Curs 2024-2025 1.920 estudiants actius a l\u2019EPSG (aplicaci\u00f3 Vinalop\u00f3 de la UPV &nbsp;a 15 d\u2019octubre de 2024)<\/li>\n\n\n\n<li>Consolidaci\u00f3 de la Universitat S\u00e8nior al Campus de Gandia<\/li>\n\n\n\n<li>En marxa el doctorat en \u201cCi\u00e8ncia i Tecnologia Marina i Costanera\u201d<\/li>\n\n\n\n<li>Tres dobles titulacions de grau ja en marxa.<\/li>\n\n\n\n<li>Nou M\u00e0ster en Comunicaci\u00f3 transm\u00e8dia<\/li>\n\n\n\n<li>Nou M\u00e0ster d\u2019Intel\u00b7lig\u00e8ncia Tur\u00edstica<\/li>\n\n\n\n<li>Nou M\u00e0ster en Professor\/a de Educaci\u00f3 Secund\u00e0ria<\/li>\n\n\n\n<li>Nou Grau de Ci\u00e8ncies i Tecnologies del Mar que previsiblement entrar\u00e0 en marxa com a doble grau amb Ci\u00e8ncies Ambientals el curs 2025-2026<\/li>\n\n\n\n<li>Erasmus Mundus Master WAVES<\/li>\n\n\n\n<li>Acreditaci\u00f3 EURACE al GISTSI<\/li>\n\n\n\n<li>Aula Gandia Escena Urbana, c\u00e0tedra O-City, c\u00e0tedra de Gandia Turisme Intel\u00b7ligent, C\u00e0tedra d\u2019Innovaci\u00f3 i C\u00e0tedra IVIO.<\/li>\n\n\n\n<li>Programa <a href=\"https:\/\/saforsalut.es\/ca\/\">https:\/\/saforsalut.es\/ca\/<\/a><\/li>\n\n\n\n<li>Convenis de col\u00b7laboraci\u00f3 amb la Mancomunitat de Municipis de la Safor, amb FAES i amb FOMENT<\/li>\n\n\n\n<li>Blog de ci\u00e8ncia del Campus: <a href=\"https:\/\/cienciagandia.webs.upv.es\/\">https:\/\/cienciagandia.webs.upv.es\/<\/a><\/li>\n<\/ul>\n\n\n\n<p><\/p>\n","protected":false},"excerpt":{"rendered":"","protected":false},"author":1,"featured_media":211,"parent":0,"menu_order":0,"comment_status":"closed","ping_status":"closed","template":"template-business.php","meta":{"footnotes":""},"class_list":["post-201","page","type-page","status-publish","has-post-thumbnail","hentry","entry"],"_links":{"self":[{"href":"https:\/\/jesusalba2016.webs.upv.es\/index.php?rest_route=\/wp\/v2\/pages\/201","targetHints":{"allow":["GET"]}}],"collection":[{"href":"https:\/\/jesusalba2016.webs.upv.es\/index.php?rest_route=\/wp\/v2\/pages"}],"about":[{"href":"https:\/\/jesusalba2016.webs.upv.es\/index.php?rest_route=\/wp\/v2\/types\/page"}],"author":[{"embeddable":true,"href":"https:\/\/jesusalba2016.webs.upv.es\/index.php?rest_route=\/wp\/v2\/users\/1"}],"replies":[{"embeddable":true,"href":"https:\/\/jesusalba2016.webs.upv.es\/index.php?rest_route=%2Fwp%2Fv2%2Fcomments&post=201"}],"version-history":[{"count":5,"href":"https:\/\/jesusalba2016.webs.upv.es\/index.php?rest_route=\/wp\/v2\/pages\/201\/revisions"}],"predecessor-version":[{"id":331,"href":"https:\/\/jesusalba2016.webs.upv.es\/index.php?rest_route=\/wp\/v2\/pages\/201\/revisions\/331"}],"wp:featuredmedia":[{"embeddable":true,"href":"https:\/\/jesusalba2016.webs.upv.es\/index.php?rest_route=\/wp\/v2\/media\/211"}],"wp:attachment":[{"href":"https:\/\/jesusalba2016.webs.upv.es\/index.php?rest_route=%2Fwp%2Fv2%2Fmedia&parent=201"}],"curies":[{"name":"wp","href":"https:\/\/api.w.org\/{rel}","templated":true}]}}