{"id":76,"date":"2016-11-15T00:07:56","date_gmt":"2016-11-15T00:07:56","guid":{"rendered":"https:\/\/jesusalba2016.webs.upv.es\/?page_id=76"},"modified":"2020-11-12T11:05:57","modified_gmt":"2020-11-12T11:05:57","slug":"la-docencia-al-campus-que-volem","status":"publish","type":"page","link":"https:\/\/jesusalba2016.webs.upv.es\/?page_id=76","title":{"rendered":"+ SEGURETAT, SOSTENIBILITAT I SOLIDARITAT"},"content":{"rendered":"<p><span style=\"color: #993366;\"><strong>La nostra Comunitat Universit\u00e0ria la formen persones, totes importants. La salut, la seguretat, la prevenci\u00f3, la promoci\u00f3, el respecte, la responsabilitat, la solidaritat, han de fomentar-se i defensar-se.<\/strong><\/span><\/p>\n<ul>\n<li>Com a Campus Solidari que som, hem de treballar pels Objectius de Desenvolupament sostenible (<a href=\"http:\/\/www.upv.es\/contenidos\/ODS\/\" target=\"_blank\" rel=\"noopener noreferrer\">http:\/\/www.upv.es\/contenidos\/ODS\/<\/a>)<\/li>\n<li>La nostra Universitat S\u00e8nior ja ha realitzat tres edicions. Hem de seguir treballant per consolidar la Universitat S\u00e8nior al Campus de Gandia.<\/li>\n<li>La nostra Escola d\u2019Estiu \u00e9s necess\u00e0ria per a la Comunitat Universit\u00e0ria. Una escola per a conciliar, que tamb\u00e9 treballa els valors amb els xiquets i xiquetes. Hem de seguir potenciant-la.<\/li>\n<li>Hem de mantindre la gesti\u00f3 mediambiental.<\/li>\n<li>Hem de potenciar a la Comissi\u00f3 de Cooperaci\u00f3 i dedicar un m\u00ednim del 0,7% del pressupost de l\u2019EPSG a que alumnat i tots els adscrits a l\u2019EPSG puguen realitzar projectes de cooperaci\u00f3 per al desenvolupament.<\/li>\n<li>Potenciar el Comit\u00e9 d&#8217;Igualtat, amb una dotaci\u00f3 m\u00ednima d&#8217;un 0,7% del pressupost de l&#8217;escola per continuar organitzant cursos i activitats en l&#8217;escola.<\/li>\n<li>S\u2019ha de recolzar les iniciatives vinculades al Campus de Gandia, que treballen pel medi ambient (per el mar, per el Serpis, etc.)<\/li>\n<li>Continuar amb les pol\u00edtiques d\u2019efici\u00e8ncia i estalvi energ\u00e8tic \u00e9s tindre responsabilitat amb la societat. S\u2019ha d\u2019optimitzar la il\u00b7luminaci\u00f3, la climatitzaci\u00f3, i altres sistemes que generen grans consums.<\/li>\n<li>Hem de demanar la instal\u00b7laci\u00f3 de plaques solars i fomentar el autoconsum, i tindre connexi\u00f3 per a vehicles el\u00e8ctrics.<\/li>\n<li>Hem de mantindre actualitzat el Pla d\u2019Autoprotecci\u00f3 del Centre (formaci\u00f3, delegaci\u00f3 de responsabilitats, plans d\u2019evacuaci\u00f3, etc.).<\/li>\n<li>Buscarem optimitzar la seguretat en tots els llocs de treball (EPI, roba de treball, etc.).<\/li>\n<li>Revisarem de forma continua el protocol de vigil\u00e0ncia de la salut per valorar la possibilitat de millorar-lo.<\/li>\n<li>Potenciar el programa de Generaci\u00f3 Espont\u00e0nia al Campus.<\/li>\n<\/ul>\n","protected":false},"excerpt":{"rendered":"<p>La nostra Comunitat Universit\u00e0ria la formen persones, totes importants. La salut, la seguretat, la prevenci\u00f3, la promoci\u00f3, el respecte, la responsabilitat, la solidaritat, han de fomentar-se i defensar-se. Com a Campus Solidari que som, hem de treballar pels Objectius de Desenvolupament sostenible (http:\/\/www.upv.es\/contenidos\/ODS\/) La nostra Universitat S\u00e8nior ja ha realitzat tres edicions. Hem de seguir &hellip; <\/p>\n<p class=\"link-more\"><a href=\"https:\/\/jesusalba2016.webs.upv.es\/?page_id=76\" class=\"more-link\">Seguir leyendo<span class=\"screen-reader-text\"> \u00ab+ SEGURETAT, SOSTENIBILITAT I SOLIDARITAT\u00bb<\/span><\/a><\/p>\n","protected":false},"author":1,"featured_media":0,"parent":0,"menu_order":0,"comment_status":"closed","ping_status":"closed","template":"","meta":{"footnotes":""},"class_list":["post-76","page","type-page","status-publish","hentry","entry"],"_links":{"self":[{"href":"https:\/\/jesusalba2016.webs.upv.es\/index.php?rest_route=\/wp\/v2\/pages\/76","targetHints":{"allow":["GET"]}}],"collection":[{"href":"https:\/\/jesusalba2016.webs.upv.es\/index.php?rest_route=\/wp\/v2\/pages"}],"about":[{"href":"https:\/\/jesusalba2016.webs.upv.es\/index.php?rest_route=\/wp\/v2\/types\/page"}],"author":[{"embeddable":true,"href":"https:\/\/jesusalba2016.webs.upv.es\/index.php?rest_route=\/wp\/v2\/users\/1"}],"replies":[{"embeddable":true,"href":"https:\/\/jesusalba2016.webs.upv.es\/index.php?rest_route=%2Fwp%2Fv2%2Fcomments&post=76"}],"version-history":[{"count":11,"href":"https:\/\/jesusalba2016.webs.upv.es\/index.php?rest_route=\/wp\/v2\/pages\/76\/revisions"}],"predecessor-version":[{"id":301,"href":"https:\/\/jesusalba2016.webs.upv.es\/index.php?rest_route=\/wp\/v2\/pages\/76\/revisions\/301"}],"wp:attachment":[{"href":"https:\/\/jesusalba2016.webs.upv.es\/index.php?rest_route=%2Fwp%2Fv2%2Fmedia&parent=76"}],"curies":[{"name":"wp","href":"https:\/\/api.w.org\/{rel}","templated":true}]}}