{"id":80,"date":"2016-11-15T00:09:13","date_gmt":"2016-11-15T00:09:13","guid":{"rendered":"https:\/\/jesusalba2016.webs.upv.es\/?page_id=80"},"modified":"2020-11-11T20:10:02","modified_gmt":"2020-11-11T20:10:02","slug":"les-infraestructures-al-campus-que-volem","status":"publish","type":"page","link":"https:\/\/jesusalba2016.webs.upv.es\/?page_id=80","title":{"rendered":"+ OFERTA ACAD\u00c8MICA"},"content":{"rendered":"<p><span style=\"color: #993366;\"><strong>El Campus de Gandia va arribar a tindre 2700 estudiants abans de la reforma de Bol\u00f2nia. El curs 2016-2017 comen\u00e7ava amb 1317 estudiants i el curs 2019-2020, ha tancat en 1553, gr\u00e0cies a la implantaci\u00f3 progressiva del GTI, la implantaci\u00f3 de dobles graus, i una campanya constant de promoci\u00f3 i millora de totes les titulacions adscrites, sense tancar cap titulaci\u00f3. Tenim capacitat per a tornar a ser els que \u00e9rem, i m\u00e9s.<\/strong><\/span><\/p>\n<ul>\n<li style=\"list-style-type: none;\">\n<ul>\n<li>Fer complir el PLA DE MULTILING\u00dcISME EN LA DOC\u00c8NCIA i com a m\u00ednim, adaptar l\u2019oferta a la demanda.<\/li>\n<li>Treballarem per un nou grau vinculat al mar. Tenim m\u00e0ster vinculat al mar, estem treballant tamb\u00e9 per un doctorat en la mateixa l\u00ednia, tenim investigaci\u00f3 puntera des de fa anys. Hem de treballar per un nou grau, que ja es va prometre, adaptat a les necessitats d\u2019ara.<\/li>\n<li>S\u2019ha treballar per aconseguir implantar el M\u00e0ster d\u2019Intel\u00b7lig\u00e8ncia Tur\u00edstica, actualment enviat a l\u2019ANECA.<\/li>\n<li>La primera promoci\u00f3 del GTI est\u00e0 a punt d\u2019eixir. Ara \u00e9s el moment tamb\u00e9 de donar-li al nostre alumnat la possibilitat de servir formant-se. Anem a treballar en adaptar un nou m\u00e0ster al centre, el M\u00e1ster en Tecnologies Interactives y fabricaci\u00f3 Digital.<\/li>\n<li>Les dobles titulacions estan creixent en tota la UPV. Treballarem per noves f\u00f3rmules, que ajuden a millorar la seua ocupabilitat i crear noves marques vinculades al Campus.<\/li>\n<li>Seguirem treballant perqu\u00e8 el doctorat \u201cCi\u00e8ncia i Tecnologia Marina i Costanera\u201d siga al final una realitat.<\/li>\n<li>Actualment, ja hi han iniciatives dins de la UPV que parlen del m\u00e0ster de secund\u00e0ria. El Campus de Gandia est\u00e0 preparat per assumir este projecte. Treballarem per ser seu del m\u00e0ster.<\/li>\n<li>La oferta acad\u00e8mica s\u2019ha de fer m\u00e9s internacional. Buscar aliances amb altres universitats que tinguen titulacions afins, i treballar en noves f\u00f3rmules de dobles graus y m\u00e0sters internacionals. La internacionalitzaci\u00f3 del Campus de Gandia ha de ser priorit\u00e0ria, i \u00e9s fonamental per al nostre futur.<\/li>\n<li>S\u2019ha de treballar per tindre m\u00e9s ERASMUS MUNDUS. En concret comen\u00e7ar per un ERASMUS MUNDUS en turisme.<\/li>\n<li>Hem de promoure i difondre els t\u00edtols propis existents i facilitar la creaci\u00f3 de nous. Son tamb\u00e9 una ferramenta per donar a con\u00e8ixer el nostre Campus i millorar la captaci\u00f3 d\u2019alumnat.<\/li>\n<li>Hem de fomentar la tutoria de TFG\/TFM per part del professorat,\u00a0amb mecanismes de refor\u00e7 positiu.<\/li>\n<li>Fomentar la implantaci\u00f3 gradual de doc\u00e8ncia en angl\u00e9s, fonamentalment en assignatures de M\u00e0ster, utilitzant les eines disponibles en la xarxa per a la preparaci\u00f3 del material.<\/li>\n<\/ul>\n<\/li>\n<\/ul>\n","protected":false},"excerpt":{"rendered":"<p>El Campus de Gandia va arribar a tindre 2700 estudiants abans de la reforma de Bol\u00f2nia. El curs 2016-2017 comen\u00e7ava amb 1317 estudiants i el curs 2019-2020, ha tancat en 1553, gr\u00e0cies a la implantaci\u00f3 progressiva del GTI, la implantaci\u00f3 de dobles graus, i una campanya constant de promoci\u00f3 i millora de totes les titulacions &hellip; <\/p>\n<p class=\"link-more\"><a href=\"https:\/\/jesusalba2016.webs.upv.es\/?page_id=80\" class=\"more-link\">Seguir leyendo<span class=\"screen-reader-text\"> \u00ab+ OFERTA ACAD\u00c8MICA\u00bb<\/span><\/a><\/p>\n","protected":false},"author":1,"featured_media":0,"parent":0,"menu_order":0,"comment_status":"closed","ping_status":"closed","template":"","meta":{"footnotes":""},"class_list":["post-80","page","type-page","status-publish","hentry","entry"],"_links":{"self":[{"href":"https:\/\/jesusalba2016.webs.upv.es\/index.php?rest_route=\/wp\/v2\/pages\/80","targetHints":{"allow":["GET"]}}],"collection":[{"href":"https:\/\/jesusalba2016.webs.upv.es\/index.php?rest_route=\/wp\/v2\/pages"}],"about":[{"href":"https:\/\/jesusalba2016.webs.upv.es\/index.php?rest_route=\/wp\/v2\/types\/page"}],"author":[{"embeddable":true,"href":"https:\/\/jesusalba2016.webs.upv.es\/index.php?rest_route=\/wp\/v2\/users\/1"}],"replies":[{"embeddable":true,"href":"https:\/\/jesusalba2016.webs.upv.es\/index.php?rest_route=%2Fwp%2Fv2%2Fcomments&post=80"}],"version-history":[{"count":7,"href":"https:\/\/jesusalba2016.webs.upv.es\/index.php?rest_route=\/wp\/v2\/pages\/80\/revisions"}],"predecessor-version":[{"id":277,"href":"https:\/\/jesusalba2016.webs.upv.es\/index.php?rest_route=\/wp\/v2\/pages\/80\/revisions\/277"}],"wp:attachment":[{"href":"https:\/\/jesusalba2016.webs.upv.es\/index.php?rest_route=%2Fwp%2Fv2%2Fmedia&parent=80"}],"curies":[{"name":"wp","href":"https:\/\/api.w.org\/{rel}","templated":true}]}}