{"id":82,"date":"2016-11-15T00:09:45","date_gmt":"2016-11-15T00:09:45","guid":{"rendered":"https:\/\/jesusalba2016.webs.upv.es\/?page_id=82"},"modified":"2020-11-11T16:00:01","modified_gmt":"2020-11-11T16:00:01","slug":"projeccio-internacional-al-campus-que-volem","status":"publish","type":"page","link":"https:\/\/jesusalba2016.webs.upv.es\/?page_id=82","title":{"rendered":"+ QUALITAT"},"content":{"rendered":"<p><span style=\"color: #993366;\"><strong>Tindre cura de les nostres titulacions, de les i dels nostres professionals, buscar la millora continua, la formaci\u00f3 continua, la connexi\u00f3 amb la investigaci\u00f3 que ens mantiga al dia, \u00e9s fonamental per mantindre indicadors de qualitat que ens situen en els primeres posicions dels indicadors nacionals i internacionals.<\/strong><\/span><\/p>\n<ul>\n<li style=\"list-style-type: none;\">\n<ul>\n<li>S\u2019ha de mantenir l\u2019acreditaci\u00f3 EURACE (Segell d\u2019excel\u00b7l\u00e8ncia internacional EUR-ACE\u00ae) del GISTSI i estudiar si esta acreditaci\u00f3 es pot aplicar i sol\u00b7licitar per al GTI, o per al MIA.<\/li>\n<li>Treballar per obtindre l\u2019acreditaci\u00f3 ABET (Accreditation Board for Engineering and Technology) al GISTSI.<\/li>\n<li>Revisar els segells de qualitat internacional per a les altres titulacions del centre: turisme, ambientals i comunicaci\u00f3 audiovisual.<\/li>\n<li>Crear projectes PIME per titulaci\u00f3 (PIME A de centre): Metodologies actives, estrat\u00e8gies docents, recursos did\u00e0ctics, compet\u00e8ncies transversals, TFG\/TFM, coordinaci\u00f3 interdisciplin\u00e0ria, pr\u00e0ctiques, etc.<\/li>\n<li>Desenvolupar permanentment la Qualitat en el Centre, d\u2019acord amb el comprom\u00eds de millora cont\u00ednua, perqu\u00e8 servisca de base a l\u2019adequat seguiment de les seues titulacions.<\/li>\n<li>Promoure el desenvolupament d\u2019activitats docents innovadores, en coordinaci\u00f3 amb els grups d\u2019innovaci\u00f3 educativa, tals com cursos formatius per a estudiants o altres iniciatives.<\/li>\n<li>Realitzar una oferta consensuada de taller, jornades, etc. Dedicades a la millora educativa de tota la Comunitat Universit\u00e0ria<\/li>\n<li>Recolzar el programes PATU i INTEGRA i visualitzar m\u00e9s el gabinet per a l\u2019orientaci\u00f3 psicopedag\u00f2gica universit\u00e0ria (GOPU).<\/li>\n<li>Demanar formaci\u00f3 per a tota la Comunitat Universit\u00e0ria en les noves tecnologies.<\/li>\n<li>Millorar de forma cont\u00ednua l\u2019equipament docent (aules, laboratoris, aules d\u2019inform\u00e0tica, etc.) amb noves f\u00f3rmules de mecenatge.<\/li>\n<li>Fomentar la traducci\u00f3 d\u2019apunts i altres recursos docents al valenci\u00e0.<\/li>\n<\/ul>\n<\/li>\n<\/ul>\n","protected":false},"excerpt":{"rendered":"<p>Tindre cura de les nostres titulacions, de les i dels nostres professionals, buscar la millora continua, la formaci\u00f3 continua, la connexi\u00f3 amb la investigaci\u00f3 que ens mantiga al dia, \u00e9s fonamental per mantindre indicadors de qualitat que ens situen en els primeres posicions dels indicadors nacionals i internacionals. S\u2019ha de mantenir l\u2019acreditaci\u00f3 EURACE (Segell d\u2019excel\u00b7l\u00e8ncia &hellip; <\/p>\n<p class=\"link-more\"><a href=\"https:\/\/jesusalba2016.webs.upv.es\/?page_id=82\" class=\"more-link\">Seguir leyendo<span class=\"screen-reader-text\"> \u00ab+ QUALITAT\u00bb<\/span><\/a><\/p>\n","protected":false},"author":1,"featured_media":0,"parent":0,"menu_order":0,"comment_status":"closed","ping_status":"closed","template":"","meta":{"footnotes":""},"class_list":["post-82","page","type-page","status-publish","hentry","entry"],"_links":{"self":[{"href":"https:\/\/jesusalba2016.webs.upv.es\/index.php?rest_route=\/wp\/v2\/pages\/82","targetHints":{"allow":["GET"]}}],"collection":[{"href":"https:\/\/jesusalba2016.webs.upv.es\/index.php?rest_route=\/wp\/v2\/pages"}],"about":[{"href":"https:\/\/jesusalba2016.webs.upv.es\/index.php?rest_route=\/wp\/v2\/types\/page"}],"author":[{"embeddable":true,"href":"https:\/\/jesusalba2016.webs.upv.es\/index.php?rest_route=\/wp\/v2\/users\/1"}],"replies":[{"embeddable":true,"href":"https:\/\/jesusalba2016.webs.upv.es\/index.php?rest_route=%2Fwp%2Fv2%2Fcomments&post=82"}],"version-history":[{"count":3,"href":"https:\/\/jesusalba2016.webs.upv.es\/index.php?rest_route=\/wp\/v2\/pages\/82\/revisions"}],"predecessor-version":[{"id":225,"href":"https:\/\/jesusalba2016.webs.upv.es\/index.php?rest_route=\/wp\/v2\/pages\/82\/revisions\/225"}],"wp:attachment":[{"href":"https:\/\/jesusalba2016.webs.upv.es\/index.php?rest_route=%2Fwp%2Fv2%2Fmedia&parent=82"}],"curies":[{"name":"wp","href":"https:\/\/api.w.org\/{rel}","templated":true}]}}