{"id":86,"date":"2016-11-15T00:11:17","date_gmt":"2016-11-15T00:11:17","guid":{"rendered":"https:\/\/jesusalba2016.webs.upv.es\/?page_id=86"},"modified":"2020-11-11T16:05:20","modified_gmt":"2020-11-11T16:05:20","slug":"la-promocio-del-campus-que-volem","status":"publish","type":"page","link":"https:\/\/jesusalba2016.webs.upv.es\/?page_id=86","title":{"rendered":"+ CONNEXI\u00d3"},"content":{"rendered":"<p><span style=\"color: #993366;\"><strong>La connexi\u00f3 amb el nostre entorn i la societat que ens envolta \u00e9s necess\u00e0ria. El Campus de Gandia t\u00e9 clarament vocaci\u00f3 de servici p\u00fablic, com a universitat p\u00fablica que som. Hem d\u2019estar connectats, i ser part activa dels canvis del nostre entorn.<\/strong><\/span><\/p>\n<ul>\n<li style=\"list-style-type: none;\">\n<ul>\n<li>Fomentar l\u2019organitzaci\u00f3 d\u2019activitats orientadores per als estudiants, tant per a itineraris de Grau o per a M\u00e0sters, incloent viatges a instal\u00b7lacions o empreses d\u2019inter\u00e9s.<\/li>\n<li>Refor\u00e7ar el servei de Pr\u00e0ctiques en Empresa, en coordinaci\u00f3 amb les C\u00e0tedres-Empresa i el Programa Ideas.<\/li>\n<li>Fomentar la realitzaci\u00f3 de pr\u00e0ctiques en empresa en l\u2019estranger.<\/li>\n<li>Promoure la realitzaci\u00f3 de cursos i seminaris d\u2019\u00edndole pr\u00e0ctica, en coordinaci\u00f3 amb les C\u00e0tedres-Empresa i associacions empresarials.<\/li>\n<li>Potenciar la creaci\u00f3 de noves c\u00e0tedres i aules d\u2019empresa.<\/li>\n<li>Potenciar seus universit\u00e0ries en les Comarques Centrals, donar-li contingut i responsables de centre.<\/li>\n<li>Organitzar un Congr\u00e9s a l\u2019EPSG, amb convidats internacionals i revista indexada, per promoure la col\u00b7laboraci\u00f3 entre el professorat, empresaris i investigadors.<\/li>\n<li>Continuar la cerca de nous patrocinis per a premis de Projecte Fi de Grau, i valorar la creaci\u00f3 de premis Fi de M\u00e0ster.<\/li>\n<li>Fomentar la participaci\u00f3 en plataformes tecnol\u00f2giques nacionals i Internacionals.<\/li>\n<li>Coordinar des del Campus la preparaci\u00f3 de grans projectes d\u2019investigaci\u00f3 i innovaci\u00f3 amb empreses i entitats de la Safor i comarques ve\u00efnes.<\/li>\n<li>Refor\u00e7ar el servei de Pr\u00e0ctiques en Empresa, en coordinaci\u00f3 amb les C\u00e0tedres-Empresa i el Programa Ideas.<\/li>\n<li>Fomentar la realitzaci\u00f3 de pr\u00e0ctiques en empresa en l\u2019estranger.<\/li>\n<li>Seguir treballant per augmentar el nombre dels estudiants amb alguna experi\u00e8ncia internacional a trav\u00e9s dels diferents programes d\u2019intercanvi: ERAMUS (ERASMUS, ERASMUS MUNDUS, etc.), CIENCIA SIN FRONTERAS, SICUE, PROMOE, etc.<\/li>\n<li>Recolzar el cursos intensius d\u2019espanyol per a alumnat estranger treballant tamb\u00e9 la cultura valenciana.<\/li>\n<li>Recolzar les accions del programa amb Xina i potenciar-lo com a element diferenciador del nostre campus.<\/li>\n<li>Revisar i ampliar els convenis amb universitats europees de prestigi.<\/li>\n<\/ul>\n<\/li>\n<\/ul>\n","protected":false},"excerpt":{"rendered":"<p>La connexi\u00f3 amb el nostre entorn i la societat que ens envolta \u00e9s necess\u00e0ria. El Campus de Gandia t\u00e9 clarament vocaci\u00f3 de servici p\u00fablic, com a universitat p\u00fablica que som. Hem d\u2019estar connectats, i ser part activa dels canvis del nostre entorn. Fomentar l\u2019organitzaci\u00f3 d\u2019activitats orientadores per als estudiants, tant per a itineraris de Grau &hellip; <\/p>\n<p class=\"link-more\"><a href=\"https:\/\/jesusalba2016.webs.upv.es\/?page_id=86\" class=\"more-link\">Seguir leyendo<span class=\"screen-reader-text\"> \u00ab+ CONNEXI\u00d3\u00bb<\/span><\/a><\/p>\n","protected":false},"author":1,"featured_media":0,"parent":0,"menu_order":0,"comment_status":"closed","ping_status":"closed","template":"","meta":{"footnotes":""},"class_list":["post-86","page","type-page","status-publish","hentry","entry"],"_links":{"self":[{"href":"https:\/\/jesusalba2016.webs.upv.es\/index.php?rest_route=\/wp\/v2\/pages\/86","targetHints":{"allow":["GET"]}}],"collection":[{"href":"https:\/\/jesusalba2016.webs.upv.es\/index.php?rest_route=\/wp\/v2\/pages"}],"about":[{"href":"https:\/\/jesusalba2016.webs.upv.es\/index.php?rest_route=\/wp\/v2\/types\/page"}],"author":[{"embeddable":true,"href":"https:\/\/jesusalba2016.webs.upv.es\/index.php?rest_route=\/wp\/v2\/users\/1"}],"replies":[{"embeddable":true,"href":"https:\/\/jesusalba2016.webs.upv.es\/index.php?rest_route=%2Fwp%2Fv2%2Fcomments&post=86"}],"version-history":[{"count":3,"href":"https:\/\/jesusalba2016.webs.upv.es\/index.php?rest_route=\/wp\/v2\/pages\/86\/revisions"}],"predecessor-version":[{"id":227,"href":"https:\/\/jesusalba2016.webs.upv.es\/index.php?rest_route=\/wp\/v2\/pages\/86\/revisions\/227"}],"wp:attachment":[{"href":"https:\/\/jesusalba2016.webs.upv.es\/index.php?rest_route=%2Fwp%2Fv2%2Fmedia&parent=86"}],"curies":[{"name":"wp","href":"https:\/\/api.w.org\/{rel}","templated":true}]}}